{"id":16821,"date":"2018-07-23T10:10:07","date_gmt":"2018-07-23T10:10:07","guid":{"rendered":"http:\/\/dinamon.com\/?page_id=16821"},"modified":"2018-10-09T08:43:59","modified_gmt":"2018-10-09T08:43:59","slug":"nous","status":"publish","type":"page","link":"https:\/\/dinamon.com\/fr\/nous\/","title":{"rendered":"Nous"},"content":{"rendered":"<p>[vc_row css_animation=\u00a0\u00bb\u00a0\u00bb row_type=\u00a0\u00bbrow\u00a0\u00bb use_row_as_full_screen_section=\u00a0\u00bbno\u00a0\u00bb type=\u00a0\u00bbgrid\u00a0\u00bb angled_section=\u00a0\u00bbno\u00a0\u00bb text_align=\u00a0\u00bbleft\u00a0\u00bb background_image_as_pattern=\u00a0\u00bbwithout_pattern\u00a0\u00bb background_color=\u00a0\u00bb#ffffff\u00a0\u00bb padding_top=\u00a0\u00bb87&Prime; padding_bottom=\u00a0\u00bb0&Prime;][vc_column][vc_column_text]<\/p>\n<h2 style=\"text-align: center;\"><\/h2>\n<p>[\/vc_column_text][vc_separator type=\u00a0\u00bbsmall\u00a0\u00bb position=\u00a0\u00bbcenter\u00a0\u00bb up=\u00a0\u00bb7&Prime; down=\u00a0\u00bb38&Prime;][vc_column_text]<\/p>\n<h3 class=\"cufon_headings\" style=\"text-align: center;\">Plus de 20 ans d\u2019exp\u00e9rience dans le d\u00e9veloppement de projets digitaux<\/h3>\n<p>[\/vc_column_text][vc_separator type=\u00a0\u00bbtransparent\u00a0\u00bb up=\u00a0\u00bb31&Prime; down=\u00a0\u00bb19&Prime;][vc_row_inner row_type=\u00a0\u00bbrow\u00a0\u00bb type=\u00a0\u00bbfull_width\u00a0\u00bb text_align=\u00a0\u00bbleft\u00a0\u00bb css_animation=\u00a0\u00bb\u00a0\u00bb][vc_column_inner width=\u00a0\u00bb1\/3&Prime;][vc_column_text]Nous avons dirig\u00e9 des entreprises multicanales, g\u00e9r\u00e9 leurs d\u00e9partements d\u2019administration.\u00a0 Nous avons cr\u00e9\u00e9 des entreprises en Espagne et \u00e0 l\u2019\u00e9tranger. Nous avons ferm\u00e9 des entreprises et aid\u00e9 d\u2019autres. Nous avons de m\u00eame particip\u00e9 \u00e0 des projets couronn\u00e9s de succ\u00e8s. Parfois, nous avons commis des erreurs mais nous avons appris \u00e0 les surpasser. Nous avons solutionn\u00e9 l\u2019infinit\u00e9 des probl\u00e8mes et nous continuons sur cette voie, gr\u00e2ce \u00e0 toute cette exp\u00e9rience dont nous avons fait preuve jusque-l\u00e0 .<\/p>\n<p style=\"text-align: justify;\"><strong>\u00a0<\/strong><\/p>\n<p>[\/vc_column_text][vc_separator type=\u00a0\u00bbtransparent\u00a0\u00bb up=\u00a0\u00bb93&Prime; down=\u00a0\u00bb0&Prime;][\/vc_column_inner][vc_column_inner width=\u00a0\u00bb2\/3&Prime;][vc_separator type=\u00a0\u00bbtransparent\u00a0\u00bb up=\u00a0\u00bb1&Prime; down=\u00a0\u00bb0&Prime;]<div class='q_progress_bar'><h5 class='progress_title_holder clearfix' style=''><span class='progress_title'><span>Integration sur les marketplaces<\/span><\/span><span class='progress_number' style=''><span>0<\/span>%<\/span><\/h5><div class='progress_content_outer' style=''><div data-percentage='40' class='progress_content' style='background-color: #4a0e92;border: 1px solid #4a0e92;'><\/div><\/div><\/div><div class='q_progress_bar'><h5 class='progress_title_holder clearfix' style=''><span class='progress_title'><span>D\u00e9veloppement de magasins virtuels<\/span><\/span><span class='progress_number' style=''><span>0<\/span>%<\/span><\/h5><div class='progress_content_outer' style=''><div data-percentage='10' class='progress_content' style='background-color: #4a0e92;border: 1px solid #4a0e92;'><\/div><\/div><\/div><div class='q_progress_bar'><h5 class='progress_title_holder clearfix' style=''><span class='progress_title'><span>D\u00e9veloppement d'autres app's<\/span><\/span><span class='progress_number' style=''><span>0<\/span>%<\/span><\/h5><div class='progress_content_outer' style=''><div data-percentage='50' class='progress_content' style='background-color: #4a0e92;border: 1px solid #4a0e92;'><\/div><\/div><\/div>[vc_separator type=\u00a0\u00bbtransparent\u00a0\u00bb up=\u00a0\u00bb93&Prime; down=\u00a0\u00bb0&Prime;][\/vc_column_inner][\/vc_row_inner][vc_row_inner row_type=\u00a0\u00bbrow\u00a0\u00bb type=\u00a0\u00bbfull_width\u00a0\u00bb text_align=\u00a0\u00bbleft\u00a0\u00bb css_animation=\u00a0\u00bb\u00a0\u00bb][vc_column_inner width=\u00a0\u00bb1\/3&Prime;]<div class=\"image_with_text\"><img decoding=\"async\" itemprop=\"image\" src=\"https:\/\/dinamon.com\/wp-content\/uploads\/2014\/03\/naming-e1641299203219.jpg\" alt=\"\" \/><h3 ><\/h3><span style=\"margin: 6px 0px;\" class=\"separator transparent\"><\/span><\/p>\n<p style=\"text-align: center;\"><a href=\"http:\/\/www.namingdigital.com\">www.namingdigital.com<\/a><\/p>\n<p><\/div>[\/vc_column_inner][vc_column_inner width=\u00a0\u00bb1\/3&Prime;][vc_separator type=\u00a0\u00bbtransparent\u00a0\u00bb][vc_column_text]Durant ces ann\u00e9es, Dinamon a lanc\u00e9 de nouveaux march\u00e9s digitaux sur le march\u00e9. En 2009, nous avons cr\u00e9\u00e9 l\u2019entreprise Naming Digital qui se consacre \u00e0 l\u2019offre de services de protection de marque, bas\u00e9e fondamentalement dans le registre des noms de domains. \u00a0Puis, quelques ann\u00e9es plus tard, nous avons lanc\u00e9 le service Brand Monitor qui est sp\u00e9cialis\u00e9 dans la surveillance des prix et le suivi des produits sur les sites Web et les Marketplaces.[\/vc_column_text][\/vc_column_inner][vc_column_inner width=\u00a0\u00bb1\/3&Prime;]<div class=\"image_with_text\"><img decoding=\"async\" itemprop=\"image\" src=\"\" alt=\"\" \/><h3 ><\/h3><span style=\"margin: 6px 0px;\" class=\"separator transparent\"><\/span><\/p>\n<p style=\"text-align: center;\"><a href=\"http:\/\/www.brandmonitor.es\"><br \/>\nwww.brandmonitor.es<\/a><a href=\"http:\/\/www.brandmonitor.es\"><img loading=\"lazy\" decoding=\"async\" class=\"aligncenter wp-image-1616\" src=\"http:\/\/dinamon.com\/wp-content\/uploads\/2013\/01\/bm01ph-3-1.jpg\" alt=\"bm01ph-3\" width=\"382\" height=\"165\" srcset=\"https:\/\/dinamon.com\/wp-content\/uploads\/2013\/01\/bm01ph-3-1.jpg 920w, https:\/\/dinamon.com\/wp-content\/uploads\/2013\/01\/bm01ph-3-1-300x130.jpg 300w, https:\/\/dinamon.com\/wp-content\/uploads\/2013\/01\/bm01ph-3-1-768x332.jpg 768w, https:\/\/dinamon.com\/wp-content\/uploads\/2013\/01\/bm01ph-3-1-700x303.jpg 700w\" sizes=\"auto, (max-width: 382px) 100vw, 382px\" \/><\/a><\/p>\n<p><\/div>[\/vc_column_inner][\/vc_row_inner][vc_separator type=\u00a0\u00bbtransparent\u00a0\u00bb][\/vc_column][\/vc_row][vc_row css_animation=\u00a0\u00bb\u00a0\u00bb row_type=\u00a0\u00bbrow\u00a0\u00bb use_row_as_full_screen_section=\u00a0\u00bbno\u00a0\u00bb type=\u00a0\u00bbgrid\u00a0\u00bb angled_section=\u00a0\u00bbno\u00a0\u00bb text_align=\u00a0\u00bbleft\u00a0\u00bb background_image_as_pattern=\u00a0\u00bbwithout_pattern\u00a0\u00bb padding_top=\u00a0\u00bb87&Prime; padding_bottom=\u00a0\u00bb34&Prime;][vc_column][vc_separator type=\u00a0\u00bbtransparent\u00a0\u00bb][vc_column_text]<\/p>\n<h3 style=\"text-align: center;\">Pourquoi nous le faisons ?<\/h3>\n<p>[\/vc_column_text][vc_separator type=\u00a0\u00bbsmall\u00a0\u00bb position=\u00a0\u00bbcenter\u00a0\u00bb up=\u00a0\u00bb7&Prime; down=\u00a0\u00bb44&Prime;][vc_row_inner row_type=\u00a0\u00bbrow\u00a0\u00bb type=\u00a0\u00bbfull_width\u00a0\u00bb text_align=\u00a0\u00bbleft\u00a0\u00bb css_animation=\u00a0\u00bb\u00a0\u00bb][vc_column_inner width=\u00a0\u00bb1\/4&Prime;]<div class='q_team'><div class='q_team_inner'><div class='q_team_image'><img itemprop='image' src='https:\/\/dinamon.com\/wp-content\/uploads\/2016\/07\/hinoweb.jpg' alt='hinoweb' \/><\/div><div class='q_team_text' ><div class='q_team_text_inner'><div class='q_team_title_holder'><h3 class='q_team_name' style = ''>Jordi Hinojosa<\/h3><span style = ''>CEO<\/span><\/div><div class='separator small center' style = 'background-color: #4a0e92;'><\/div><\/div><div class='q_team_social_holder'><span class='q_social_icon_holder normal_social' data-color=#4a0e92 ><a itemprop='url' href='https:\/\/es.linkedin.com\/in\/jordihinojosa' target=''><i class=\"qode_icon_font_awesome fa fa-linkedin fa-2x simple_social\" style=\"color: #4a0e92;\" ><\/i><\/a><\/span><span class='q_social_icon_holder normal_social' data-color=#4a0e92 ><a itemprop='url' href='www.twitter.com\/@dinamonhinojosa' target=''><i class=\"qode_icon_font_awesome fa fa-twitter fa-2x simple_social\" style=\"color: #4a0e92;\" ><\/i><\/a><\/span><\/div><\/div><\/div><\/div>[vc_separator type=\u00a0\u00bbtransparent\u00a0\u00bb up=\u00a0\u00bb60&Prime; down=\u00a0\u00bb0&Prime;][\/vc_column_inner][vc_column_inner width=\u00a0\u00bb3\/4&Prime;][vc_column_text]L\u2019\u00e9quipe de <strong>Dinamon<\/strong> est form\u00e9e de personnes qui ont de l\u2019exp\u00e9rience dans la gestion de projets technologiques. Nous sommes en contacts avec divers types d\u2019entreprises qui nous permettent d\u2019\u00eatre en permanence inform\u00e9 \u00e0 propos des nouvelles technologies et strat\u00e9gies sur internet.<\/p>\n<p>Notre exp\u00e9rience se renforce tout au long des ann\u00e9es dans les mod\u00e8les d&rsquo;affaires num\u00e9riques et nous permet de fournir un canal ainsi qu&rsquo;une innovation technologique et une exp\u00e9rience d&rsquo;affaires.<\/p>\n<p>T\u00e9l\u00e9chargez <strong>notre pr\u00e9sentation corporative<\/strong> en diaporama<strong>\u00a0:\u00a0<a href=\"https:\/\/es.slideshare.net\/jhinojosa\/presentacion-dinamon-2018\">slideshare<\/a><\/strong><\/p>\n<p>&nbsp;<\/p>\n<p>\u00c0 propos de Dinamon<\/p>\n<div class=\"video-holder\">[vc_video link=&rsquo;https:\/\/youtu.be\/hPOQ24cVfyQ&rsquo;]<\/div>\n<p>[\/vc_column_text][\/vc_column_inner][\/vc_row_inner][vc_separator type=\u00a0\u00bbtransparent\u00a0\u00bb]<blockquote class=' with_quote_icon' style=''><i class='fa fa-quote-right' style=''><\/i><h5 class='blockquote-text' style=''>L\u2019objectif est de rendre le travail facile gr\u00e2ce \u00e0 la technologie<\/p>\n<p><\/h5><\/blockquote>[\/vc_column][\/vc_row][vc_row css_animation=\u00a0\u00bb\u00a0\u00bb row_type=\u00a0\u00bbrow\u00a0\u00bb use_row_as_full_screen_section=\u00a0\u00bbno\u00a0\u00bb type=\u00a0\u00bbfull_width\u00a0\u00bb angled_section=\u00a0\u00bbno\u00a0\u00bb text_align=\u00a0\u00bbleft\u00a0\u00bb background_image_as_pattern=\u00a0\u00bbwithout_pattern\u00a0\u00bb][vc_column]<div class=\"call_to_action normal\" style=\"background-color: #c0c0c0;\"><div class=\"container_inner\"><div class=\"two_columns_75_25 clearfix\"><div class=\"text_wrapper column1\"><div class=\"call_to_action_text \" style=\"\"><span style=\"color: #ffffff;\">Vous avez une id\u00e9e ? Nous vous aidons \u00e0 la concr\u00e9tiser !<\/span><\/div><\/div><div class=\"button_wrapper column2\"><a itemprop=\"url\" href=\"\/contact\" class=\"qbutton white \" target=\"_self\" style=\"color: #ffffff;border-color: #ffffff;\"data-hover-background-color=#4a0e92 data-hover-border-color=#ffffff data-hover-color=#ffffff>contact<\/a><\/div><\/div><\/div><\/div>[\/vc_column][\/vc_row]<\/p>\n","protected":false},"excerpt":{"rendered":"<p>[vc_row css_animation=\u00a0\u00bb\u00a0\u00bb row_type=\u00a0\u00bbrow\u00a0\u00bb use_row_as_full_screen_section=\u00a0\u00bbno\u00a0\u00bb type=\u00a0\u00bbgrid\u00a0\u00bb angled_section=\u00a0\u00bbno\u00a0\u00bb text_align=\u00a0\u00bbleft\u00a0\u00bb background_image_as_pattern=\u00a0\u00bbwithout_pattern\u00a0\u00bb background_color=\u00a0\u00bb#ffffff\u00a0\u00bb padding_top=\u00a0\u00bb87&Prime; padding_bottom=\u00a0\u00bb0&Prime;][vc_column][vc_column_text] [\/vc_column_text][vc_separator type=\u00a0\u00bbsmall\u00a0\u00bb position=\u00a0\u00bbcenter\u00a0\u00bb up=\u00a0\u00bb7&Prime; down=\u00a0\u00bb38&Prime;][vc_column_text] Plus de 20 ans d\u2019exp\u00e9rience dans le d\u00e9veloppement de projets digitaux [\/vc_column_text][vc_separator type=\u00a0\u00bbtransparent\u00a0\u00bb up=\u00a0\u00bb31&Prime; down=\u00a0\u00bb19&Prime;][vc_row_inner row_type=\u00a0\u00bbrow\u00a0\u00bb type=\u00a0\u00bbfull_width\u00a0\u00bb text_align=\u00a0\u00bbleft\u00a0\u00bb css_animation=\u00a0\u00bb\u00a0\u00bb][vc_column_inner width=\u00a0\u00bb1\/3&Prime;][vc_column_text]Nous avons dirig\u00e9 des entreprises multicanales, g\u00e9r\u00e9 leurs d\u00e9partements d\u2019administration.\u00a0&#8230;<\/p>\n","protected":false},"author":1,"featured_media":0,"parent":0,"menu_order":0,"comment_status":"open","ping_status":"closed","template":"full_width.php","meta":{"content-type":"","_monsterinsights_skip_tracking":false,"_monsterinsights_sitenote_active":false,"_monsterinsights_sitenote_note":"","_monsterinsights_sitenote_category":0,"footnotes":""},"class_list":["post-16821","page","type-page","status-publish","hentry"],"yoast_head":"<!-- This site is optimized with the Yoast SEO plugin v26.4 - https:\/\/yoast.com\/wordpress\/plugins\/seo\/ -->\n<title>Nous - Dinamon<\/title>\n<meta name=\"robots\" content=\"index, follow, max-snippet:-1, max-image-preview:large, max-video-preview:-1\" \/>\n<link rel=\"canonical\" href=\"https:\/\/dinamon.com\/fr\/nous\/\" \/>\n<meta property=\"og:locale\" content=\"fr_FR\" \/>\n<meta property=\"og:type\" content=\"article\" \/>\n<meta property=\"og:title\" content=\"Nous - Dinamon\" \/>\n<meta property=\"og:description\" content=\"[vc_row css_animation=\u00a0\u00bb\u00a0\u00bb row_type=\u00a0\u00bbrow\u00a0\u00bb use_row_as_full_screen_section=\u00a0\u00bbno\u00a0\u00bb type=\u00a0\u00bbgrid\u00a0\u00bb angled_section=\u00a0\u00bbno\u00a0\u00bb text_align=\u00a0\u00bbleft\u00a0\u00bb background_image_as_pattern=\u00a0\u00bbwithout_pattern\u00a0\u00bb background_color=\u00a0\u00bb#ffffff\u00a0\u00bb padding_top=\u00a0\u00bb87&Prime; padding_bottom=\u00a0\u00bb0&Prime;][vc_column][vc_column_text] [\/vc_column_text][vc_separator type=\u00a0\u00bbsmall\u00a0\u00bb position=\u00a0\u00bbcenter\u00a0\u00bb up=\u00a0\u00bb7&Prime; down=\u00a0\u00bb38&Prime;][vc_column_text] Plus de 20 ans d\u2019exp\u00e9rience dans le d\u00e9veloppement de projets digitaux [\/vc_column_text][vc_separator type=\u00a0\u00bbtransparent\u00a0\u00bb up=\u00a0\u00bb31&Prime; down=\u00a0\u00bb19&Prime;][vc_row_inner row_type=\u00a0\u00bbrow\u00a0\u00bb type=\u00a0\u00bbfull_width\u00a0\u00bb text_align=\u00a0\u00bbleft\u00a0\u00bb css_animation=\u00a0\u00bb\u00a0\u00bb][vc_column_inner width=\u00a0\u00bb1\/3&Prime;][vc_column_text]Nous avons dirig\u00e9 des entreprises multicanales, g\u00e9r\u00e9 leurs d\u00e9partements d\u2019administration.\u00a0...\" \/>\n<meta property=\"og:url\" content=\"https:\/\/dinamon.com\/fr\/nous\/\" \/>\n<meta property=\"og:site_name\" content=\"Dinamon\" \/>\n<meta property=\"article:publisher\" content=\"https:\/\/www.facebook.com\/dinamoninternet\" \/>\n<meta property=\"article:modified_time\" content=\"2018-10-09T08:43:59+00:00\" \/>\n<meta property=\"og:image\" content=\"http:\/\/dinamon.com\/wp-content\/uploads\/2013\/01\/bm01ph-3-1.jpg\" \/>\n<meta name=\"twitter:card\" content=\"summary_large_image\" \/>\n<meta name=\"twitter:site\" content=\"@dinamoninternet\" \/>\n<meta name=\"twitter:label1\" content=\"Dur\u00e9e de lecture estim\u00e9e\" \/>\n\t<meta name=\"twitter:data1\" content=\"4 minutes\" \/>\n<script type=\"application\/ld+json\" class=\"yoast-schema-graph\">{\"@context\":\"https:\/\/schema.org\",\"@graph\":[{\"@type\":\"WebPage\",\"@id\":\"https:\/\/dinamon.com\/fr\/nous\/\",\"url\":\"https:\/\/dinamon.com\/fr\/nous\/\",\"name\":\"Nous - Dinamon\",\"isPartOf\":{\"@id\":\"https:\/\/dinamon.com\/#website\"},\"primaryImageOfPage\":{\"@id\":\"https:\/\/dinamon.com\/fr\/nous\/#primaryimage\"},\"image\":{\"@id\":\"https:\/\/dinamon.com\/fr\/nous\/#primaryimage\"},\"thumbnailUrl\":\"http:\/\/dinamon.com\/wp-content\/uploads\/2013\/01\/bm01ph-3-1.jpg\",\"datePublished\":\"2018-07-23T10:10:07+00:00\",\"dateModified\":\"2018-10-09T08:43:59+00:00\",\"breadcrumb\":{\"@id\":\"https:\/\/dinamon.com\/fr\/nous\/#breadcrumb\"},\"inLanguage\":\"fr-FR\",\"potentialAction\":[{\"@type\":\"ReadAction\",\"target\":[\"https:\/\/dinamon.com\/fr\/nous\/\"]}]},{\"@type\":\"ImageObject\",\"inLanguage\":\"fr-FR\",\"@id\":\"https:\/\/dinamon.com\/fr\/nous\/#primaryimage\",\"url\":\"http:\/\/dinamon.com\/wp-content\/uploads\/2013\/01\/bm01ph-3-1.jpg\",\"contentUrl\":\"http:\/\/dinamon.com\/wp-content\/uploads\/2013\/01\/bm01ph-3-1.jpg\"},{\"@type\":\"BreadcrumbList\",\"@id\":\"https:\/\/dinamon.com\/fr\/nous\/#breadcrumb\",\"itemListElement\":[{\"@type\":\"ListItem\",\"position\":1,\"name\":\"Portada\",\"item\":\"https:\/\/dinamon.com\/fr\/\"},{\"@type\":\"ListItem\",\"position\":2,\"name\":\"Nous\"}]},{\"@type\":\"WebSite\",\"@id\":\"https:\/\/dinamon.com\/#website\",\"url\":\"https:\/\/dinamon.com\/\",\"name\":\"Dinamon\",\"description\":\"Experience that leads to the succes\",\"publisher\":{\"@id\":\"https:\/\/dinamon.com\/#organization\"},\"potentialAction\":[{\"@type\":\"SearchAction\",\"target\":{\"@type\":\"EntryPoint\",\"urlTemplate\":\"https:\/\/dinamon.com\/?s={search_term_string}\"},\"query-input\":{\"@type\":\"PropertyValueSpecification\",\"valueRequired\":true,\"valueName\":\"search_term_string\"}}],\"inLanguage\":\"fr-FR\"},{\"@type\":\"Organization\",\"@id\":\"https:\/\/dinamon.com\/#organization\",\"name\":\"Dinamon Internet S.L.\",\"url\":\"https:\/\/dinamon.com\/\",\"logo\":{\"@type\":\"ImageObject\",\"inLanguage\":\"fr-FR\",\"@id\":\"https:\/\/dinamon.com\/#\/schema\/logo\/image\/\",\"url\":\"https:\/\/dinamon.com\/wp-content\/uploads\/2018\/01\/dinamon3.png\",\"contentUrl\":\"https:\/\/dinamon.com\/wp-content\/uploads\/2018\/01\/dinamon3.png\",\"width\":200,\"height\":100,\"caption\":\"Dinamon Internet S.L.\"},\"image\":{\"@id\":\"https:\/\/dinamon.com\/#\/schema\/logo\/image\/\"},\"sameAs\":[\"https:\/\/www.facebook.com\/dinamoninternet\",\"https:\/\/x.com\/dinamoninternet\",\"https:\/\/www.linkedin.com\/company\/dinamon-internet-s.l.\/\"]}]}<\/script>\n<!-- \/ Yoast SEO plugin. -->","yoast_head_json":{"title":"Nous - Dinamon","robots":{"index":"index","follow":"follow","max-snippet":"max-snippet:-1","max-image-preview":"max-image-preview:large","max-video-preview":"max-video-preview:-1"},"canonical":"https:\/\/dinamon.com\/fr\/nous\/","og_locale":"fr_FR","og_type":"article","og_title":"Nous - Dinamon","og_description":"[vc_row css_animation=\u00a0\u00bb\u00a0\u00bb row_type=\u00a0\u00bbrow\u00a0\u00bb use_row_as_full_screen_section=\u00a0\u00bbno\u00a0\u00bb type=\u00a0\u00bbgrid\u00a0\u00bb angled_section=\u00a0\u00bbno\u00a0\u00bb text_align=\u00a0\u00bbleft\u00a0\u00bb background_image_as_pattern=\u00a0\u00bbwithout_pattern\u00a0\u00bb background_color=\u00a0\u00bb#ffffff\u00a0\u00bb padding_top=\u00a0\u00bb87&Prime; padding_bottom=\u00a0\u00bb0&Prime;][vc_column][vc_column_text] [\/vc_column_text][vc_separator type=\u00a0\u00bbsmall\u00a0\u00bb position=\u00a0\u00bbcenter\u00a0\u00bb up=\u00a0\u00bb7&Prime; down=\u00a0\u00bb38&Prime;][vc_column_text] Plus de 20 ans d\u2019exp\u00e9rience dans le d\u00e9veloppement de projets digitaux [\/vc_column_text][vc_separator type=\u00a0\u00bbtransparent\u00a0\u00bb up=\u00a0\u00bb31&Prime; down=\u00a0\u00bb19&Prime;][vc_row_inner row_type=\u00a0\u00bbrow\u00a0\u00bb type=\u00a0\u00bbfull_width\u00a0\u00bb text_align=\u00a0\u00bbleft\u00a0\u00bb css_animation=\u00a0\u00bb\u00a0\u00bb][vc_column_inner width=\u00a0\u00bb1\/3&Prime;][vc_column_text]Nous avons dirig\u00e9 des entreprises multicanales, g\u00e9r\u00e9 leurs d\u00e9partements d\u2019administration.\u00a0...","og_url":"https:\/\/dinamon.com\/fr\/nous\/","og_site_name":"Dinamon","article_publisher":"https:\/\/www.facebook.com\/dinamoninternet","article_modified_time":"2018-10-09T08:43:59+00:00","og_image":[{"url":"http:\/\/dinamon.com\/wp-content\/uploads\/2013\/01\/bm01ph-3-1.jpg","type":"","width":"","height":""}],"twitter_card":"summary_large_image","twitter_site":"@dinamoninternet","twitter_misc":{"Dur\u00e9e de lecture estim\u00e9e":"4 minutes"},"schema":{"@context":"https:\/\/schema.org","@graph":[{"@type":"WebPage","@id":"https:\/\/dinamon.com\/fr\/nous\/","url":"https:\/\/dinamon.com\/fr\/nous\/","name":"Nous - Dinamon","isPartOf":{"@id":"https:\/\/dinamon.com\/#website"},"primaryImageOfPage":{"@id":"https:\/\/dinamon.com\/fr\/nous\/#primaryimage"},"image":{"@id":"https:\/\/dinamon.com\/fr\/nous\/#primaryimage"},"thumbnailUrl":"http:\/\/dinamon.com\/wp-content\/uploads\/2013\/01\/bm01ph-3-1.jpg","datePublished":"2018-07-23T10:10:07+00:00","dateModified":"2018-10-09T08:43:59+00:00","breadcrumb":{"@id":"https:\/\/dinamon.com\/fr\/nous\/#breadcrumb"},"inLanguage":"fr-FR","potentialAction":[{"@type":"ReadAction","target":["https:\/\/dinamon.com\/fr\/nous\/"]}]},{"@type":"ImageObject","inLanguage":"fr-FR","@id":"https:\/\/dinamon.com\/fr\/nous\/#primaryimage","url":"http:\/\/dinamon.com\/wp-content\/uploads\/2013\/01\/bm01ph-3-1.jpg","contentUrl":"http:\/\/dinamon.com\/wp-content\/uploads\/2013\/01\/bm01ph-3-1.jpg"},{"@type":"BreadcrumbList","@id":"https:\/\/dinamon.com\/fr\/nous\/#breadcrumb","itemListElement":[{"@type":"ListItem","position":1,"name":"Portada","item":"https:\/\/dinamon.com\/fr\/"},{"@type":"ListItem","position":2,"name":"Nous"}]},{"@type":"WebSite","@id":"https:\/\/dinamon.com\/#website","url":"https:\/\/dinamon.com\/","name":"Dinamon","description":"Experience that leads to the succes","publisher":{"@id":"https:\/\/dinamon.com\/#organization"},"potentialAction":[{"@type":"SearchAction","target":{"@type":"EntryPoint","urlTemplate":"https:\/\/dinamon.com\/?s={search_term_string}"},"query-input":{"@type":"PropertyValueSpecification","valueRequired":true,"valueName":"search_term_string"}}],"inLanguage":"fr-FR"},{"@type":"Organization","@id":"https:\/\/dinamon.com\/#organization","name":"Dinamon Internet S.L.","url":"https:\/\/dinamon.com\/","logo":{"@type":"ImageObject","inLanguage":"fr-FR","@id":"https:\/\/dinamon.com\/#\/schema\/logo\/image\/","url":"https:\/\/dinamon.com\/wp-content\/uploads\/2018\/01\/dinamon3.png","contentUrl":"https:\/\/dinamon.com\/wp-content\/uploads\/2018\/01\/dinamon3.png","width":200,"height":100,"caption":"Dinamon Internet S.L."},"image":{"@id":"https:\/\/dinamon.com\/#\/schema\/logo\/image\/"},"sameAs":["https:\/\/www.facebook.com\/dinamoninternet","https:\/\/x.com\/dinamoninternet","https:\/\/www.linkedin.com\/company\/dinamon-internet-s.l.\/"]}]}},"_links":{"self":[{"href":"https:\/\/dinamon.com\/fr\/wp-json\/wp\/v2\/pages\/16821\/"}],"collection":[{"href":"https:\/\/dinamon.com\/fr\/wp-json\/wp\/v2\/pages\/"}],"about":[{"href":"https:\/\/dinamon.com\/fr\/wp-json\/wp\/v2\/types\/page\/"}],"author":[{"embeddable":true,"href":"https:\/\/dinamon.com\/fr\/wp-json\/wp\/v2\/users\/1\/"}],"replies":[{"embeddable":true,"href":"https:\/\/dinamon.com\/fr\/wp-json\/wp\/v2\/comments\/?post=16821"}],"version-history":[{"count":0,"href":"https:\/\/dinamon.com\/fr\/wp-json\/wp\/v2\/pages\/16821\/revisions\/"}],"wp:attachment":[{"href":"https:\/\/dinamon.com\/fr\/wp-json\/wp\/v2\/media\/?parent=16821"}],"curies":[{"name":"wp","href":"https:\/\/api.w.org\/{rel}","templated":true}]}}