{"id":16840,"date":"2018-07-20T11:10:43","date_gmt":"2018-07-20T11:10:43","guid":{"rendered":"http:\/\/dinamon.com\/?page_id=16840"},"modified":"2018-07-31T15:39:35","modified_gmt":"2018-07-31T15:39:35","slug":"nos-services","status":"publish","type":"page","link":"https:\/\/dinamon.com\/fr\/nos-services\/","title":{"rendered":"Nos services"},"content":{"rendered":"<p>[vc_row css_animation=\u00a0\u00bb\u00a0\u00bb row_type=\u00a0\u00bbrow\u00a0\u00bb use_row_as_full_screen_section=\u00a0\u00bbno\u00a0\u00bb type=\u00a0\u00bbgrid\u00a0\u00bb angled_section=\u00a0\u00bbno\u00a0\u00bb text_align=\u00a0\u00bbleft\u00a0\u00bb background_image_as_pattern=\u00a0\u00bbwithout_pattern\u00a0\u00bb background_color=\u00a0\u00bb#ffffff\u00a0\u00bb padding_top=\u00a0\u00bb87&Prime; padding_bottom=\u00a0\u00bb80&Prime;][vc_column][vc_column_text]<\/p>\n<h2 style=\"text-align: center;\">Pas \u00e0 pas<\/h2>\n<p>[\/vc_column_text][vc_separator type=\u00a0\u00bbsmall\u00a0\u00bb position=\u00a0\u00bbcenter\u00a0\u00bb color=\u00a0\u00bb#8a00e6&Prime; width=\u00a0\u00bb10&Prime; width_in_percentages=\u00a0\u00bbyes\u00a0\u00bb up=\u00a0\u00bb7&Prime; down=\u00a0\u00bb38&Prime;][vc_column_text]<\/p>\n<h4 style=\"text-align: center;\"><strong>L\u2019objectif <\/strong>est de rendre le travail facile gr\u00e2ce \u00e0 la technologie<\/h4>\n<p>[\/vc_column_text][vc_separator type=\u00a0\u00bbtransparent\u00a0\u00bb up=\u00a0\u00bb42&Prime; down=\u00a0\u00bb15&Prime;][qode_circles columns=\u00a0\u00bbfive_columns\u00a0\u00bb circle_line=\u00a0\u00bbno_line\u00a0\u00bb][qode_circle type=\u00a0\u00bbicon_type\u00a0\u00bb icon=\u00a0\u00bbfa-cloud-download\u00a0\u00bb size=\u00a0\u00bbfa-3x\u00a0\u00bb title=\u00a0\u00bb01 ID\u00c9E\u00a0\u00bb][qode_circle type=\u00a0\u00bbicon_type\u00a0\u00bb icon=\u00a0\u00bbfa-laptop\u00a0\u00bb size=\u00a0\u00bbfa-3x\u00a0\u00bb title=\u00a0\u00bb02 CONCEPT\u00a0\u00bb text=\u00a0\u00bb \u00ab\u00a0][qode_circle type=\u00a0\u00bbicon_type\u00a0\u00bb icon=\u00a0\u00bbfa-signal\u00a0\u00bb size=\u00a0\u00bbfa-3x\u00a0\u00bb title=\u00a0\u00bb03 DESIGN\u00a0\u00bb text=\u00a0\u00bb \u00ab\u00a0][qode_circle type=\u00a0\u00bbicon_type\u00a0\u00bb icon=\u00a0\u00bbfa-arrow-circle-o-right\u00a0\u00bb size=\u00a0\u00bbfa-3x\u00a0\u00bb title=\u00a0\u00bb04 D\u00c9VELOPPEMENT\u00a0\u00bb][qode_circle type=\u00a0\u00bbicon_type\u00a0\u00bb icon=\u00a0\u00bbfa-camera\u00a0\u00bb size=\u00a0\u00bbfa-3x\u00a0\u00bb title=\u00a0\u00bb05 TEST\u00a0\u00bb][\/qode_circles][\/vc_column][\/vc_row][vc_row css_animation=\u00a0\u00bb\u00a0\u00bb row_type=\u00a0\u00bbrow\u00a0\u00bb use_row_as_full_screen_section=\u00a0\u00bbno\u00a0\u00bb type=\u00a0\u00bbfull_width\u00a0\u00bb angled_section=\u00a0\u00bbno\u00a0\u00bb text_align=\u00a0\u00bbleft\u00a0\u00bb background_image_as_pattern=\u00a0\u00bbwithout_pattern\u00a0\u00bb][vc_column][vc_column_text]<\/p>\n<p>[\/vc_column_text][\/vc_column][\/vc_row][vc_row css_animation=\u00a0\u00bb\u00a0\u00bb row_type=\u00a0\u00bbrow\u00a0\u00bb use_row_as_full_screen_section=\u00a0\u00bbno\u00a0\u00bb type=\u00a0\u00bbgrid\u00a0\u00bb angled_section=\u00a0\u00bbno\u00a0\u00bb text_align=\u00a0\u00bbleft\u00a0\u00bb background_image_as_pattern=\u00a0\u00bbwithout_pattern\u00a0\u00bb padding_top=\u00a0\u00bb87&Prime; padding_bottom=\u00a0\u00bb69&Prime;][vc_column][vc_column_text]<\/p>\n<h2 style=\"text-align: center;\">Mise en oeuvre de projets en tant que processus \u00e9volutif<\/h2>\n<p>&nbsp;<\/p>\n<p>[\/vc_column_text][vc_separator type=\u00a0\u00bbsmall\u00a0\u00bb position=\u00a0\u00bbcenter\u00a0\u00bb color=\u00a0\u00bb#8a00e6&Prime; width=\u00a0\u00bb10&Prime; width_in_percentages=\u00a0\u00bbyes\u00a0\u00bb up=\u00a0\u00bb7&Prime; down=\u00a0\u00bb38&Prime;][vc_column_text]<\/p>\n<h4 style=\"text-align: center;\">Chez <strong>Dinamon,<\/strong> nous appliquons la strat\u00e9gie \u00ab\u00a0lean\u00a0\u00bb d\u2019analyse et d\u2019apprentissage pour tous nos projets.<\/h4>\n<p>[\/vc_column_text][vc_separator type=\u00a0\u00bbtransparent\u00a0\u00bb up=\u00a0\u00bb42&Prime; down=\u00a0\u00bb15&Prime;][vc_row_inner row_type=\u00a0\u00bbrow\u00a0\u00bb type=\u00a0\u00bbfull_width\u00a0\u00bb text_align=\u00a0\u00bbleft\u00a0\u00bb css_animation=\u00a0\u00bb\u00a0\u00bb][vc_column_inner width=\u00a0\u00bb1\/3&Prime;]<div class='service_table_holder'><ul class='service_table_inner'><li class='service_table_title_holder background_color_type' style=''><div class='service_table_title_inner'><div class='service_table_title_inner2'><h3 class='service_title' style=''>CONCEPTUALISATION<\/h3><i class='fa fa-hdd-o fa-3x' style='color: #4a0e92 !important;'><\/i><\/div><\/div><\/li><li class='service_table_content' style=''><\/p>\n<ul>\n<li>\n<p style=\"text-align: center;\">Nous d\u00e9finissions les exigences primordiales afin que le projet devienne fonctionnel<\/p>\n<\/li>\n<\/ul>\n<p><\/li><\/ul><\/div>[\/vc_column_inner][vc_column_inner width=\u00a0\u00bb1\/3&Prime;]<div class='service_table_holder'><ul class='service_table_inner'><li class='service_table_title_holder background_color_type' style=''><div class='service_table_title_inner'><div class='service_table_title_inner2'><h3 class='service_title' style=''>D\u00c9VELOPPEMENT<\/h3><i class='fa fa-laptop fa-3x' style='color: #4a0e92 !important;'><\/i><\/div><\/div><\/li><li class='service_table_content' style=''><\/p>\n<ul>\n<li>\n<p style=\"text-align: center;\">Nous mettons en place les concepts dans un temps record et \u00e0 un moindre co\u00fbt<\/p>\n<\/li>\n<\/ul>\n<p><\/li><\/ul><\/div>[\/vc_column_inner][vc_column_inner width=\u00a0\u00bb1\/3&Prime;]<div class='service_table_holder'><ul class='service_table_inner'><li class='service_table_title_holder background_color_type' style=''><div class='service_table_title_inner'><div class='service_table_title_inner2'><h3 class='service_title' style=''>FEEDBACK<\/h3><i class='fa fa-headphones fa-3x' style='color: #4a0e92 !important;'><\/i><\/div><\/div><\/li><li class='service_table_content' style=''><\/p>\n<ul>\n<li>\n<p style=\"text-align: center;\">Un Feedback permanent afin de d\u00e9tecter et \u00e9viter les probl\u00e8mes durant la premi\u00e8re phase<\/p>\n<\/li>\n<\/ul>\n<p><\/li><\/ul><\/div>[\/vc_column_inner][\/vc_row_inner][\/vc_column][\/vc_row][vc_row css_animation=\u00a0\u00bb\u00a0\u00bb row_type=\u00a0\u00bbrow\u00a0\u00bb use_row_as_full_screen_section=\u00a0\u00bbno\u00a0\u00bb type=\u00a0\u00bbgrid\u00a0\u00bb angled_section=\u00a0\u00bbno\u00a0\u00bb text_align=\u00a0\u00bbleft\u00a0\u00bb background_image_as_pattern=\u00a0\u00bbwithout_pattern\u00a0\u00bb padding_top=\u00a0\u00bb87&Prime; padding_bottom=\u00a0\u00bb0&Prime; css=\u00a0\u00bb.vc_custom_1475236957071{background-color: #ffffff !important;}\u00a0\u00bb][vc_column][vc_column_text]<\/p>\n<h2 style=\"text-align: center;\">QUE FAISONS-NOUS?<\/h2>\n<p>[\/vc_column_text][vc_separator type=\u00a0\u00bbsmall\u00a0\u00bb position=\u00a0\u00bbcenter\u00a0\u00bb color=\u00a0\u00bb#8a00e6&Prime; width=\u00a0\u00bb10&Prime; width_in_percentages=\u00a0\u00bbyes\u00a0\u00bb up=\u00a0\u00bb7&Prime; down=\u00a0\u00bb38&Prime;][vc_column_text]<\/p>\n<p style=\"text-align: center;\">Nous sommes sp\u00e9cialis\u00e9s dans la cr\u00e9ation et dans le d\u00e9veloppement d\u2019applications multiplateformes.<\/p>\n<p>[\/vc_column_text][vc_separator type=\u00a0\u00bbtransparent\u00a0\u00bb up=\u00a0\u00bb35&Prime; down=\u00a0\u00bb17&Prime;][\/vc_column][\/vc_row][vc_row css_animation=\u00a0\u00bb\u00a0\u00bb row_type=\u00a0\u00bbrow\u00a0\u00bb use_row_as_full_screen_section=\u00a0\u00bbno\u00a0\u00bb type=\u00a0\u00bbgrid\u00a0\u00bb angled_section=\u00a0\u00bbno\u00a0\u00bb text_align=\u00a0\u00bbleft\u00a0\u00bb background_image_as_pattern=\u00a0\u00bbwithout_pattern\u00a0\u00bb css=\u00a0\u00bb.vc_custom_1475237003662{background-color: #ffffff !important;}\u00a0\u00bb][vc_column width=\u00a0\u00bb1\/3&Prime;][vc_column_text]<\/p>\n<h5 style=\"text-align: center;\"><a href=\"\/ecommerce\">D\u00e9veloppement de plateformes e-commerce<\/a><\/h5>\n<p>[\/vc_column_text][vc_separator type=\u00a0\u00bbsmall\u00a0\u00bb position=\u00a0\u00bbcenter\u00a0\u00bb color=\u00a0\u00bb#8a00e6&Prime; width=\u00a0\u00bb10&Prime; width_in_percentages=\u00a0\u00bbyes\u00a0\u00bb up=\u00a0\u00bb6&Prime;][vc_column_text]Nous d\u00e9veloppons des solutions de commerce \u00e9l\u00e9ctronique avec les nouvelles technologies les plus utilis\u00e9es du moment tels que Woocommerce, Oscommerce, Magento, Prestashop, etc\u2026[\/vc_column_text][vc_separator type=\u00a0\u00bbtransparent\u00a0\u00bb up=\u00a0\u00bb39&Prime; down=\u00a0\u00bb0&Prime;][\/vc_column][vc_column width=\u00a0\u00bb1\/3&Prime;][vc_column_text]<\/p>\n<h5 style=\"text-align: center;\"><a href=\"\/marketplace\">Int\u00e9gration dans les Marketplaces<\/a><\/h5>\n<p>[\/vc_column_text][vc_separator type=\u00a0\u00bbsmall\u00a0\u00bb position=\u00a0\u00bbcenter\u00a0\u00bb color=\u00a0\u00bb#8a00e6&Prime; width=\u00a0\u00bb10&Prime; width_in_percentages=\u00a0\u00bbyes\u00a0\u00bb up=\u00a0\u00bb27&Prime;][vc_column_text]Nous cr\u00e9ons des applications, des affaires et des magasins virtuels avec les marketplaces existantes[\/vc_column_text][vc_separator type=\u00a0\u00bbtransparent\u00a0\u00bb up=\u00a0\u00bb39&Prime; down=\u00a0\u00bb0&Prime;][\/vc_column][vc_column width=\u00a0\u00bb1\/3&Prime;][vc_column_text]<\/p>\n<h5 style=\"text-align: center;\"><a href=\"\/omnichannel\">D\u00e9veloppements technologiques pour l&rsquo;Omnichannel<\/a><\/h5>\n<p>[\/vc_column_text][vc_separator type=\u00a0\u00bbsmall\u00a0\u00bb position=\u00a0\u00bbcenter\u00a0\u00bb color=\u00a0\u00bb#8a00e6&Prime; width=\u00a0\u00bb10&Prime; width_in_percentages=\u00a0\u00bbyes\u00a0\u00bb up=\u00a0\u00bb6&Prime;][vc_column_text]Nous appliquons la technologie dans le commerce de d\u00e9tail pour d\u00e9velopper de nouvelles fa\u00e7ons de vendre entre les magasins et leurs clients.<\/p>\n<p>[\/vc_column_text][\/vc_column][\/vc_row][vc_row css_animation=\u00a0\u00bb\u00a0\u00bb row_type=\u00a0\u00bbrow\u00a0\u00bb use_row_as_full_screen_section=\u00a0\u00bbno\u00a0\u00bb type=\u00a0\u00bbgrid\u00a0\u00bb angled_section=\u00a0\u00bbno\u00a0\u00bb text_align=\u00a0\u00bbleft\u00a0\u00bb background_image_as_pattern=\u00a0\u00bbwithout_pattern\u00a0\u00bb css=\u00a0\u00bb.vc_custom_1475237051001{background-color: #ffffff !important;}\u00a0\u00bb][vc_column width=\u00a0\u00bb1\/3&Prime;][vc_separator type=\u00a0\u00bbtransparent\u00a0\u00bb][\/vc_column][vc_column width=\u00a0\u00bb1\/3&Prime;][vc_separator type=\u00a0\u00bbtransparent\u00a0\u00bb][\/vc_column][vc_column width=\u00a0\u00bb1\/3&Prime;][vc_separator type=\u00a0\u00bbtransparent\u00a0\u00bb][\/vc_column][\/vc_row][vc_row css_animation=\u00a0\u00bb\u00a0\u00bb row_type=\u00a0\u00bbrow\u00a0\u00bb use_row_as_full_screen_section=\u00a0\u00bbno\u00a0\u00bb type=\u00a0\u00bbfull_width\u00a0\u00bb angled_section=\u00a0\u00bbno\u00a0\u00bb text_align=\u00a0\u00bbleft\u00a0\u00bb background_image_as_pattern=\u00a0\u00bbwithout_pattern\u00a0\u00bb][vc_column]<div class=\"call_to_action normal\" style=\"background-color: #c4c4c4;\"><div class=\"container_inner\"><div class=\"two_columns_75_25 clearfix\"><div class=\"text_wrapper column1\"><div class=\"call_to_action_text \" style=\"\">Vous avez une id\u00e9e ? Nous vous aidons \u00e0 la concr\u00e9tiser ?<\/div><\/div><div class=\"button_wrapper column2\"><a itemprop=\"url\" href=\"\/contact\" class=\"qbutton white \" target=\"_self\" style=\"\"data-hover-background-color=#4a0e92 data-hover-border-color=#ffffff >Contact<\/a><\/div><\/div><\/div><\/div>[\/vc_column][\/vc_row]<\/p>\n","protected":false},"excerpt":{"rendered":"<p>[vc_row css_animation=\u00a0\u00bb\u00a0\u00bb row_type=\u00a0\u00bbrow\u00a0\u00bb use_row_as_full_screen_section=\u00a0\u00bbno\u00a0\u00bb type=\u00a0\u00bbgrid\u00a0\u00bb angled_section=\u00a0\u00bbno\u00a0\u00bb text_align=\u00a0\u00bbleft\u00a0\u00bb background_image_as_pattern=\u00a0\u00bbwithout_pattern\u00a0\u00bb background_color=\u00a0\u00bb#ffffff\u00a0\u00bb padding_top=\u00a0\u00bb87&Prime; padding_bottom=\u00a0\u00bb80&Prime;][vc_column][vc_column_text] Pas \u00e0 pas [\/vc_column_text][vc_separator type=\u00a0\u00bbsmall\u00a0\u00bb position=\u00a0\u00bbcenter\u00a0\u00bb color=\u00a0\u00bb#8a00e6&Prime; width=\u00a0\u00bb10&Prime; width_in_percentages=\u00a0\u00bbyes\u00a0\u00bb up=\u00a0\u00bb7&Prime; down=\u00a0\u00bb38&Prime;][vc_column_text] L\u2019objectif est de rendre le travail facile gr\u00e2ce \u00e0 la technologie [\/vc_column_text][vc_separator type=\u00a0\u00bbtransparent\u00a0\u00bb up=\u00a0\u00bb42&Prime; down=\u00a0\u00bb15&Prime;][qode_circles columns=\u00a0\u00bbfive_columns\u00a0\u00bb circle_line=\u00a0\u00bbno_line\u00a0\u00bb][qode_circle type=\u00a0\u00bbicon_type\u00a0\u00bb icon=\u00a0\u00bbfa-cloud-download\u00a0\u00bb size=\u00a0\u00bbfa-3x\u00a0\u00bb title=\u00a0\u00bb01 ID\u00c9E\u00a0\u00bb][qode_circle type=\u00a0\u00bbicon_type\u00a0\u00bb&#8230;<\/p>\n","protected":false},"author":1,"featured_media":0,"parent":0,"menu_order":0,"comment_status":"open","ping_status":"closed","template":"full_width.php","meta":{"content-type":"","_monsterinsights_skip_tracking":false,"_monsterinsights_sitenote_active":false,"_monsterinsights_sitenote_note":"","_monsterinsights_sitenote_category":0,"footnotes":""},"class_list":["post-16840","page","type-page","status-publish","hentry"],"yoast_head":"<!-- This site is optimized with the Yoast SEO plugin v26.4 - https:\/\/yoast.com\/wordpress\/plugins\/seo\/ -->\n<title>Nos services - Dinamon<\/title>\n<meta name=\"robots\" content=\"index, follow, max-snippet:-1, max-image-preview:large, max-video-preview:-1\" \/>\n<link rel=\"canonical\" href=\"https:\/\/dinamon.com\/fr\/nos-services\/\" \/>\n<meta property=\"og:locale\" content=\"fr_FR\" \/>\n<meta property=\"og:type\" content=\"article\" \/>\n<meta property=\"og:title\" content=\"Nos services - Dinamon\" \/>\n<meta property=\"og:description\" content=\"[vc_row css_animation=\u00a0\u00bb\u00a0\u00bb row_type=\u00a0\u00bbrow\u00a0\u00bb use_row_as_full_screen_section=\u00a0\u00bbno\u00a0\u00bb type=\u00a0\u00bbgrid\u00a0\u00bb angled_section=\u00a0\u00bbno\u00a0\u00bb text_align=\u00a0\u00bbleft\u00a0\u00bb background_image_as_pattern=\u00a0\u00bbwithout_pattern\u00a0\u00bb background_color=\u00a0\u00bb#ffffff\u00a0\u00bb padding_top=\u00a0\u00bb87&Prime; padding_bottom=\u00a0\u00bb80&Prime;][vc_column][vc_column_text] Pas \u00e0 pas [\/vc_column_text][vc_separator type=\u00a0\u00bbsmall\u00a0\u00bb position=\u00a0\u00bbcenter\u00a0\u00bb color=\u00a0\u00bb#8a00e6&Prime; width=\u00a0\u00bb10&Prime; width_in_percentages=\u00a0\u00bbyes\u00a0\u00bb up=\u00a0\u00bb7&Prime; down=\u00a0\u00bb38&Prime;][vc_column_text] L\u2019objectif est de rendre le travail facile gr\u00e2ce \u00e0 la technologie [\/vc_column_text][vc_separator type=\u00a0\u00bbtransparent\u00a0\u00bb up=\u00a0\u00bb42&Prime; down=\u00a0\u00bb15&Prime;][qode_circles columns=\u00a0\u00bbfive_columns\u00a0\u00bb circle_line=\u00a0\u00bbno_line\u00a0\u00bb][qode_circle type=\u00a0\u00bbicon_type\u00a0\u00bb icon=\u00a0\u00bbfa-cloud-download\u00a0\u00bb size=\u00a0\u00bbfa-3x\u00a0\u00bb title=\u00a0\u00bb01 ID\u00c9E\u00a0\u00bb][qode_circle type=\u00a0\u00bbicon_type\u00a0\u00bb...\" \/>\n<meta property=\"og:url\" content=\"https:\/\/dinamon.com\/fr\/nos-services\/\" \/>\n<meta property=\"og:site_name\" content=\"Dinamon\" \/>\n<meta property=\"article:publisher\" content=\"https:\/\/www.facebook.com\/dinamoninternet\" \/>\n<meta property=\"article:modified_time\" content=\"2018-07-31T15:39:35+00:00\" \/>\n<meta name=\"twitter:card\" content=\"summary_large_image\" \/>\n<meta name=\"twitter:site\" content=\"@dinamoninternet\" \/>\n<meta name=\"twitter:label1\" content=\"Dur\u00e9e de lecture estim\u00e9e\" \/>\n\t<meta name=\"twitter:data1\" content=\"5 minutes\" \/>\n<script type=\"application\/ld+json\" class=\"yoast-schema-graph\">{\"@context\":\"https:\/\/schema.org\",\"@graph\":[{\"@type\":\"WebPage\",\"@id\":\"https:\/\/dinamon.com\/fr\/nos-services\/\",\"url\":\"https:\/\/dinamon.com\/fr\/nos-services\/\",\"name\":\"Nos services - Dinamon\",\"isPartOf\":{\"@id\":\"https:\/\/dinamon.com\/#website\"},\"datePublished\":\"2018-07-20T11:10:43+00:00\",\"dateModified\":\"2018-07-31T15:39:35+00:00\",\"breadcrumb\":{\"@id\":\"https:\/\/dinamon.com\/fr\/nos-services\/#breadcrumb\"},\"inLanguage\":\"fr-FR\",\"potentialAction\":[{\"@type\":\"ReadAction\",\"target\":[\"https:\/\/dinamon.com\/fr\/nos-services\/\"]}]},{\"@type\":\"BreadcrumbList\",\"@id\":\"https:\/\/dinamon.com\/fr\/nos-services\/#breadcrumb\",\"itemListElement\":[{\"@type\":\"ListItem\",\"position\":1,\"name\":\"Portada\",\"item\":\"https:\/\/dinamon.com\/fr\/\"},{\"@type\":\"ListItem\",\"position\":2,\"name\":\"Nos services\"}]},{\"@type\":\"WebSite\",\"@id\":\"https:\/\/dinamon.com\/#website\",\"url\":\"https:\/\/dinamon.com\/\",\"name\":\"Dinamon\",\"description\":\"Experience that leads to the succes\",\"publisher\":{\"@id\":\"https:\/\/dinamon.com\/#organization\"},\"potentialAction\":[{\"@type\":\"SearchAction\",\"target\":{\"@type\":\"EntryPoint\",\"urlTemplate\":\"https:\/\/dinamon.com\/?s={search_term_string}\"},\"query-input\":{\"@type\":\"PropertyValueSpecification\",\"valueRequired\":true,\"valueName\":\"search_term_string\"}}],\"inLanguage\":\"fr-FR\"},{\"@type\":\"Organization\",\"@id\":\"https:\/\/dinamon.com\/#organization\",\"name\":\"Dinamon Internet S.L.\",\"url\":\"https:\/\/dinamon.com\/\",\"logo\":{\"@type\":\"ImageObject\",\"inLanguage\":\"fr-FR\",\"@id\":\"https:\/\/dinamon.com\/#\/schema\/logo\/image\/\",\"url\":\"https:\/\/dinamon.com\/wp-content\/uploads\/2018\/01\/dinamon3.png\",\"contentUrl\":\"https:\/\/dinamon.com\/wp-content\/uploads\/2018\/01\/dinamon3.png\",\"width\":200,\"height\":100,\"caption\":\"Dinamon Internet S.L.\"},\"image\":{\"@id\":\"https:\/\/dinamon.com\/#\/schema\/logo\/image\/\"},\"sameAs\":[\"https:\/\/www.facebook.com\/dinamoninternet\",\"https:\/\/x.com\/dinamoninternet\",\"https:\/\/www.linkedin.com\/company\/dinamon-internet-s.l.\/\"]}]}<\/script>\n<!-- \/ Yoast SEO plugin. -->","yoast_head_json":{"title":"Nos services - Dinamon","robots":{"index":"index","follow":"follow","max-snippet":"max-snippet:-1","max-image-preview":"max-image-preview:large","max-video-preview":"max-video-preview:-1"},"canonical":"https:\/\/dinamon.com\/fr\/nos-services\/","og_locale":"fr_FR","og_type":"article","og_title":"Nos services - Dinamon","og_description":"[vc_row css_animation=\u00a0\u00bb\u00a0\u00bb row_type=\u00a0\u00bbrow\u00a0\u00bb use_row_as_full_screen_section=\u00a0\u00bbno\u00a0\u00bb type=\u00a0\u00bbgrid\u00a0\u00bb angled_section=\u00a0\u00bbno\u00a0\u00bb text_align=\u00a0\u00bbleft\u00a0\u00bb background_image_as_pattern=\u00a0\u00bbwithout_pattern\u00a0\u00bb background_color=\u00a0\u00bb#ffffff\u00a0\u00bb padding_top=\u00a0\u00bb87&Prime; padding_bottom=\u00a0\u00bb80&Prime;][vc_column][vc_column_text] Pas \u00e0 pas [\/vc_column_text][vc_separator type=\u00a0\u00bbsmall\u00a0\u00bb position=\u00a0\u00bbcenter\u00a0\u00bb color=\u00a0\u00bb#8a00e6&Prime; width=\u00a0\u00bb10&Prime; width_in_percentages=\u00a0\u00bbyes\u00a0\u00bb up=\u00a0\u00bb7&Prime; down=\u00a0\u00bb38&Prime;][vc_column_text] L\u2019objectif est de rendre le travail facile gr\u00e2ce \u00e0 la technologie [\/vc_column_text][vc_separator type=\u00a0\u00bbtransparent\u00a0\u00bb up=\u00a0\u00bb42&Prime; down=\u00a0\u00bb15&Prime;][qode_circles columns=\u00a0\u00bbfive_columns\u00a0\u00bb circle_line=\u00a0\u00bbno_line\u00a0\u00bb][qode_circle type=\u00a0\u00bbicon_type\u00a0\u00bb icon=\u00a0\u00bbfa-cloud-download\u00a0\u00bb size=\u00a0\u00bbfa-3x\u00a0\u00bb title=\u00a0\u00bb01 ID\u00c9E\u00a0\u00bb][qode_circle type=\u00a0\u00bbicon_type\u00a0\u00bb...","og_url":"https:\/\/dinamon.com\/fr\/nos-services\/","og_site_name":"Dinamon","article_publisher":"https:\/\/www.facebook.com\/dinamoninternet","article_modified_time":"2018-07-31T15:39:35+00:00","twitter_card":"summary_large_image","twitter_site":"@dinamoninternet","twitter_misc":{"Dur\u00e9e de lecture estim\u00e9e":"5 minutes"},"schema":{"@context":"https:\/\/schema.org","@graph":[{"@type":"WebPage","@id":"https:\/\/dinamon.com\/fr\/nos-services\/","url":"https:\/\/dinamon.com\/fr\/nos-services\/","name":"Nos services - Dinamon","isPartOf":{"@id":"https:\/\/dinamon.com\/#website"},"datePublished":"2018-07-20T11:10:43+00:00","dateModified":"2018-07-31T15:39:35+00:00","breadcrumb":{"@id":"https:\/\/dinamon.com\/fr\/nos-services\/#breadcrumb"},"inLanguage":"fr-FR","potentialAction":[{"@type":"ReadAction","target":["https:\/\/dinamon.com\/fr\/nos-services\/"]}]},{"@type":"BreadcrumbList","@id":"https:\/\/dinamon.com\/fr\/nos-services\/#breadcrumb","itemListElement":[{"@type":"ListItem","position":1,"name":"Portada","item":"https:\/\/dinamon.com\/fr\/"},{"@type":"ListItem","position":2,"name":"Nos services"}]},{"@type":"WebSite","@id":"https:\/\/dinamon.com\/#website","url":"https:\/\/dinamon.com\/","name":"Dinamon","description":"Experience that leads to the succes","publisher":{"@id":"https:\/\/dinamon.com\/#organization"},"potentialAction":[{"@type":"SearchAction","target":{"@type":"EntryPoint","urlTemplate":"https:\/\/dinamon.com\/?s={search_term_string}"},"query-input":{"@type":"PropertyValueSpecification","valueRequired":true,"valueName":"search_term_string"}}],"inLanguage":"fr-FR"},{"@type":"Organization","@id":"https:\/\/dinamon.com\/#organization","name":"Dinamon Internet S.L.","url":"https:\/\/dinamon.com\/","logo":{"@type":"ImageObject","inLanguage":"fr-FR","@id":"https:\/\/dinamon.com\/#\/schema\/logo\/image\/","url":"https:\/\/dinamon.com\/wp-content\/uploads\/2018\/01\/dinamon3.png","contentUrl":"https:\/\/dinamon.com\/wp-content\/uploads\/2018\/01\/dinamon3.png","width":200,"height":100,"caption":"Dinamon Internet S.L."},"image":{"@id":"https:\/\/dinamon.com\/#\/schema\/logo\/image\/"},"sameAs":["https:\/\/www.facebook.com\/dinamoninternet","https:\/\/x.com\/dinamoninternet","https:\/\/www.linkedin.com\/company\/dinamon-internet-s.l.\/"]}]}},"_links":{"self":[{"href":"https:\/\/dinamon.com\/fr\/wp-json\/wp\/v2\/pages\/16840\/"}],"collection":[{"href":"https:\/\/dinamon.com\/fr\/wp-json\/wp\/v2\/pages\/"}],"about":[{"href":"https:\/\/dinamon.com\/fr\/wp-json\/wp\/v2\/types\/page\/"}],"author":[{"embeddable":true,"href":"https:\/\/dinamon.com\/fr\/wp-json\/wp\/v2\/users\/1\/"}],"replies":[{"embeddable":true,"href":"https:\/\/dinamon.com\/fr\/wp-json\/wp\/v2\/comments\/?post=16840"}],"version-history":[{"count":0,"href":"https:\/\/dinamon.com\/fr\/wp-json\/wp\/v2\/pages\/16840\/revisions\/"}],"wp:attachment":[{"href":"https:\/\/dinamon.com\/fr\/wp-json\/wp\/v2\/media\/?parent=16840"}],"curies":[{"name":"wp","href":"https:\/\/api.w.org\/{rel}","templated":true}]}}