{"id":16867,"date":"2018-07-20T14:35:04","date_gmt":"2018-07-20T14:35:04","guid":{"rendered":"http:\/\/dinamon.com\/?page_id=16867"},"modified":"2018-10-09T08:46:10","modified_gmt":"2018-10-09T08:46:10","slug":"iris-gestion-intelligente-dinformations-concernant-les-brevets","status":"publish","type":"page","link":"https:\/\/dinamon.com\/fr\/iris-gestion-intelligente-dinformations-concernant-les-brevets\/","title":{"rendered":"IRIS: Gestion intelligente d&rsquo;informations concernant les brevets"},"content":{"rendered":"<p>[vc_row css_animation=\u00a0\u00bb\u00a0\u00bb row_type=\u00a0\u00bbrow\u00a0\u00bb use_row_as_full_screen_section=\u00a0\u00bbno\u00a0\u00bb type=\u00a0\u00bbgrid\u00a0\u00bb angled_section=\u00a0\u00bbno\u00a0\u00bb text_align=\u00a0\u00bbleft\u00a0\u00bb background_image_as_pattern=\u00a0\u00bbwithout_pattern\u00a0\u00bb][vc_column width=\u00a0\u00bb1\/2&Prime;]<div class=\"image_with_text\"><img decoding=\"async\" itemprop=\"image\" src=\"https:\/\/dinamon.com\/wp-content\/uploads\/2018\/05\/chemical-O6M2740-1.jpg\" alt=\"\" \/><h3 ><\/h3><span style=\"margin: 6px 0px;\" class=\"separator transparent\"><\/span><\/div>[\/vc_column][vc_column width=\u00a0\u00bb1\/2&Prime;]<div class='q_list circle bold'><\/p>\n<ul>\n<li>Combien de temps cela prend-il de g\u00e9rer l\u2019information des brevets ?<\/li>\n<li>Combien co\u00fbte les erreurs topographiques?<\/li>\n<li>Combien co\u00fbt l\u2019information dupliqu\u00e9e\u00a0?<\/li>\n<\/ul>\n<p><\/div>[\/vc_column][\/vc_row][vc_row css_animation=\u00a0\u00bb\u00a0\u00bb row_type=\u00a0\u00bbrow\u00a0\u00bb use_row_as_full_screen_section=\u00a0\u00bbno\u00a0\u00bb type=\u00a0\u00bbgrid\u00a0\u00bb angled_section=\u00a0\u00bbno\u00a0\u00bb text_align=\u00a0\u00bbleft\u00a0\u00bb background_image_as_pattern=\u00a0\u00bbwithout_pattern\u00a0\u00bb][vc_column][vc_empty_space]<div class='q_list circle'><\/p>\n<h5><span style=\"color: #800080;\">IRIS: <span style=\"color: #000000;\">Syst\u00e8me de gestion de brevets pour le secteur pharmaceutique<\/span><\/span><\/h5>\n<p>&nbsp;<\/p>\n<ul>\n<li>Un seul r\u00e9pertoire centralis\u00e9 dispose de toutes les informations n\u00e9cessaires pour las bases de donn\u00e9es externes ( Espacenet, NewPort, PatBase ).<\/li>\n<li>Syst\u00e8me de Workflow qui permet de partager l\u2019information entre diff\u00e9rents d\u00e9partements (compatibles avec les autres applications :ERP&rsquo;S)<\/li>\n<li>G\u00e9n\u00e9rateur de sondages en diff\u00e9rent formats (PDF, feuilles de calculs)<\/li>\n<li>Processeur de texte qui permet des voies de synth\u00e8se ou des graphiques complexes<\/li>\n<\/ul>\n<p><\/div>[\/vc_column][\/vc_row][vc_row css_animation=\u00a0\u00bb\u00a0\u00bb row_type=\u00a0\u00bbrow\u00a0\u00bb use_row_as_full_screen_section=\u00a0\u00bbno\u00a0\u00bb type=\u00a0\u00bbfull_width\u00a0\u00bb angled_section=\u00a0\u00bbno\u00a0\u00bb text_align=\u00a0\u00bbleft\u00a0\u00bb background_image_as_pattern=\u00a0\u00bbwithout_pattern\u00a0\u00bb][vc_column][vc_empty_space][\/vc_column][\/vc_row][vc_row css_animation=\u00a0\u00bb\u00a0\u00bb row_type=\u00a0\u00bbrow\u00a0\u00bb use_row_as_full_screen_section=\u00a0\u00bbno\u00a0\u00bb type=\u00a0\u00bbfull_width\u00a0\u00bb angled_section=\u00a0\u00bbno\u00a0\u00bb text_align=\u00a0\u00bbleft\u00a0\u00bb background_image_as_pattern=\u00a0\u00bbwithout_pattern\u00a0\u00bb][vc_column]<div class=\"call_to_action normal\" style=\"background-color: #c4c4c4;\"><div class=\"container_inner\"><div class=\"two_columns_75_25 clearfix\"><div class=\"text_wrapper column1\"><div class=\"call_to_action_text \" style=\"\">Avez-vous une id\u00e9e ? Nous vous aidons \u00e0 la concr\u00e9tiser !<\/div><\/div><div class=\"button_wrapper column2\"><a itemprop=\"url\" href=\"\/contact\" class=\"qbutton white \" target=\"_self\" style=\"\"data-hover-background-color=#4a0e92 data-hover-border-color=#ffffff >Contact<\/a><\/div><\/div><\/div><\/div>[\/vc_column][\/vc_row]<\/p>\n","protected":false},"excerpt":{"rendered":"<p>[vc_row css_animation=\u00a0\u00bb\u00a0\u00bb row_type=\u00a0\u00bbrow\u00a0\u00bb use_row_as_full_screen_section=\u00a0\u00bbno\u00a0\u00bb type=\u00a0\u00bbgrid\u00a0\u00bb angled_section=\u00a0\u00bbno\u00a0\u00bb text_align=\u00a0\u00bbleft\u00a0\u00bb background_image_as_pattern=\u00a0\u00bbwithout_pattern\u00a0\u00bb][vc_column width=\u00a0\u00bb1\/2&Prime;][\/vc_column][vc_column width=\u00a0\u00bb1\/2&Prime;][\/vc_column][\/vc_row][vc_row css_animation=\u00a0\u00bb\u00a0\u00bb row_type=\u00a0\u00bbrow\u00a0\u00bb use_row_as_full_screen_section=\u00a0\u00bbno\u00a0\u00bb type=\u00a0\u00bbgrid\u00a0\u00bb angled_section=\u00a0\u00bbno\u00a0\u00bb text_align=\u00a0\u00bbleft\u00a0\u00bb background_image_as_pattern=\u00a0\u00bbwithout_pattern\u00a0\u00bb][vc_column][vc_empty_space][\/vc_column][\/vc_row][vc_row css_animation=\u00a0\u00bb\u00a0\u00bb row_type=\u00a0\u00bbrow\u00a0\u00bb use_row_as_full_screen_section=\u00a0\u00bbno\u00a0\u00bb type=\u00a0\u00bbfull_width\u00a0\u00bb angled_section=\u00a0\u00bbno\u00a0\u00bb text_align=\u00a0\u00bbleft\u00a0\u00bb background_image_as_pattern=\u00a0\u00bbwithout_pattern\u00a0\u00bb][vc_column][vc_empty_space][\/vc_column][\/vc_row][vc_row css_animation=\u00a0\u00bb\u00a0\u00bb row_type=\u00a0\u00bbrow\u00a0\u00bb use_row_as_full_screen_section=\u00a0\u00bbno\u00a0\u00bb type=\u00a0\u00bbfull_width\u00a0\u00bb angled_section=\u00a0\u00bbno\u00a0\u00bb text_align=\u00a0\u00bbleft\u00a0\u00bb background_image_as_pattern=\u00a0\u00bbwithout_pattern\u00a0\u00bb][vc_column][\/vc_column][\/vc_row]<\/p>\n","protected":false},"author":1,"featured_media":0,"parent":0,"menu_order":0,"comment_status":"closed","ping_status":"closed","template":"full_width.php","meta":{"content-type":"","_monsterinsights_skip_tracking":false,"_monsterinsights_sitenote_active":false,"_monsterinsights_sitenote_note":"","_monsterinsights_sitenote_category":0,"footnotes":""},"class_list":["post-16867","page","type-page","status-publish","hentry"],"yoast_head":"<!-- This site is optimized with the Yoast SEO plugin v26.4 - https:\/\/yoast.com\/wordpress\/plugins\/seo\/ -->\n<title>IRIS: Gestion intelligente d&#039;informations concernant les brevets - Dinamon<\/title>\n<meta name=\"robots\" content=\"index, follow, max-snippet:-1, max-image-preview:large, max-video-preview:-1\" \/>\n<link rel=\"canonical\" href=\"https:\/\/dinamon.com\/fr\/iris-gestion-intelligente-dinformations-concernant-les-brevets\/\" \/>\n<meta property=\"og:locale\" content=\"fr_FR\" \/>\n<meta property=\"og:type\" content=\"article\" \/>\n<meta property=\"og:title\" content=\"IRIS: Gestion intelligente d&#039;informations concernant les brevets - Dinamon\" \/>\n<meta property=\"og:description\" content=\"[vc_row css_animation=\u00a0\u00bb\u00a0\u00bb row_type=\u00a0\u00bbrow\u00a0\u00bb use_row_as_full_screen_section=\u00a0\u00bbno\u00a0\u00bb type=\u00a0\u00bbgrid\u00a0\u00bb angled_section=\u00a0\u00bbno\u00a0\u00bb text_align=\u00a0\u00bbleft\u00a0\u00bb background_image_as_pattern=\u00a0\u00bbwithout_pattern\u00a0\u00bb][vc_column width=\u00a0\u00bb1\/2&Prime;][\/vc_column][vc_column width=\u00a0\u00bb1\/2&Prime;][\/vc_column][\/vc_row][vc_row css_animation=\u00a0\u00bb\u00a0\u00bb row_type=\u00a0\u00bbrow\u00a0\u00bb use_row_as_full_screen_section=\u00a0\u00bbno\u00a0\u00bb type=\u00a0\u00bbgrid\u00a0\u00bb angled_section=\u00a0\u00bbno\u00a0\u00bb text_align=\u00a0\u00bbleft\u00a0\u00bb background_image_as_pattern=\u00a0\u00bbwithout_pattern\u00a0\u00bb][vc_column][vc_empty_space][\/vc_column][\/vc_row][vc_row css_animation=\u00a0\u00bb\u00a0\u00bb row_type=\u00a0\u00bbrow\u00a0\u00bb use_row_as_full_screen_section=\u00a0\u00bbno\u00a0\u00bb type=\u00a0\u00bbfull_width\u00a0\u00bb angled_section=\u00a0\u00bbno\u00a0\u00bb text_align=\u00a0\u00bbleft\u00a0\u00bb background_image_as_pattern=\u00a0\u00bbwithout_pattern\u00a0\u00bb][vc_column][vc_empty_space][\/vc_column][\/vc_row][vc_row css_animation=\u00a0\u00bb\u00a0\u00bb row_type=\u00a0\u00bbrow\u00a0\u00bb use_row_as_full_screen_section=\u00a0\u00bbno\u00a0\u00bb type=\u00a0\u00bbfull_width\u00a0\u00bb angled_section=\u00a0\u00bbno\u00a0\u00bb text_align=\u00a0\u00bbleft\u00a0\u00bb background_image_as_pattern=\u00a0\u00bbwithout_pattern\u00a0\u00bb][vc_column][\/vc_column][\/vc_row]\" \/>\n<meta property=\"og:url\" content=\"https:\/\/dinamon.com\/fr\/iris-gestion-intelligente-dinformations-concernant-les-brevets\/\" \/>\n<meta property=\"og:site_name\" content=\"Dinamon\" \/>\n<meta property=\"article:publisher\" content=\"https:\/\/www.facebook.com\/dinamoninternet\" \/>\n<meta property=\"article:modified_time\" content=\"2018-10-09T08:46:10+00:00\" \/>\n<meta name=\"twitter:card\" content=\"summary_large_image\" \/>\n<meta name=\"twitter:site\" content=\"@dinamoninternet\" \/>\n<meta name=\"twitter:label1\" content=\"Dur\u00e9e de lecture estim\u00e9e\" \/>\n\t<meta name=\"twitter:data1\" content=\"2 minutes\" \/>\n<script type=\"application\/ld+json\" class=\"yoast-schema-graph\">{\"@context\":\"https:\/\/schema.org\",\"@graph\":[{\"@type\":\"WebPage\",\"@id\":\"https:\/\/dinamon.com\/fr\/iris-gestion-intelligente-dinformations-concernant-les-brevets\/\",\"url\":\"https:\/\/dinamon.com\/fr\/iris-gestion-intelligente-dinformations-concernant-les-brevets\/\",\"name\":\"IRIS: Gestion intelligente d'informations concernant les brevets - Dinamon\",\"isPartOf\":{\"@id\":\"https:\/\/dinamon.com\/#website\"},\"datePublished\":\"2018-07-20T14:35:04+00:00\",\"dateModified\":\"2018-10-09T08:46:10+00:00\",\"breadcrumb\":{\"@id\":\"https:\/\/dinamon.com\/fr\/iris-gestion-intelligente-dinformations-concernant-les-brevets\/#breadcrumb\"},\"inLanguage\":\"fr-FR\",\"potentialAction\":[{\"@type\":\"ReadAction\",\"target\":[\"https:\/\/dinamon.com\/fr\/iris-gestion-intelligente-dinformations-concernant-les-brevets\/\"]}]},{\"@type\":\"BreadcrumbList\",\"@id\":\"https:\/\/dinamon.com\/fr\/iris-gestion-intelligente-dinformations-concernant-les-brevets\/#breadcrumb\",\"itemListElement\":[{\"@type\":\"ListItem\",\"position\":1,\"name\":\"Portada\",\"item\":\"https:\/\/dinamon.com\/fr\/\"},{\"@type\":\"ListItem\",\"position\":2,\"name\":\"IRIS: Gestion intelligente d&rsquo;informations concernant les brevets\"}]},{\"@type\":\"WebSite\",\"@id\":\"https:\/\/dinamon.com\/#website\",\"url\":\"https:\/\/dinamon.com\/\",\"name\":\"Dinamon\",\"description\":\"Experience that leads to the succes\",\"publisher\":{\"@id\":\"https:\/\/dinamon.com\/#organization\"},\"potentialAction\":[{\"@type\":\"SearchAction\",\"target\":{\"@type\":\"EntryPoint\",\"urlTemplate\":\"https:\/\/dinamon.com\/?s={search_term_string}\"},\"query-input\":{\"@type\":\"PropertyValueSpecification\",\"valueRequired\":true,\"valueName\":\"search_term_string\"}}],\"inLanguage\":\"fr-FR\"},{\"@type\":\"Organization\",\"@id\":\"https:\/\/dinamon.com\/#organization\",\"name\":\"Dinamon Internet S.L.\",\"url\":\"https:\/\/dinamon.com\/\",\"logo\":{\"@type\":\"ImageObject\",\"inLanguage\":\"fr-FR\",\"@id\":\"https:\/\/dinamon.com\/#\/schema\/logo\/image\/\",\"url\":\"https:\/\/dinamon.com\/wp-content\/uploads\/2018\/01\/dinamon3.png\",\"contentUrl\":\"https:\/\/dinamon.com\/wp-content\/uploads\/2018\/01\/dinamon3.png\",\"width\":200,\"height\":100,\"caption\":\"Dinamon Internet S.L.\"},\"image\":{\"@id\":\"https:\/\/dinamon.com\/#\/schema\/logo\/image\/\"},\"sameAs\":[\"https:\/\/www.facebook.com\/dinamoninternet\",\"https:\/\/x.com\/dinamoninternet\",\"https:\/\/www.linkedin.com\/company\/dinamon-internet-s.l.\/\"]}]}<\/script>\n<!-- \/ Yoast SEO plugin. -->","yoast_head_json":{"title":"IRIS: Gestion intelligente d'informations concernant les brevets - Dinamon","robots":{"index":"index","follow":"follow","max-snippet":"max-snippet:-1","max-image-preview":"max-image-preview:large","max-video-preview":"max-video-preview:-1"},"canonical":"https:\/\/dinamon.com\/fr\/iris-gestion-intelligente-dinformations-concernant-les-brevets\/","og_locale":"fr_FR","og_type":"article","og_title":"IRIS: Gestion intelligente d'informations concernant les brevets - Dinamon","og_description":"[vc_row css_animation=\u00a0\u00bb\u00a0\u00bb row_type=\u00a0\u00bbrow\u00a0\u00bb use_row_as_full_screen_section=\u00a0\u00bbno\u00a0\u00bb type=\u00a0\u00bbgrid\u00a0\u00bb angled_section=\u00a0\u00bbno\u00a0\u00bb text_align=\u00a0\u00bbleft\u00a0\u00bb background_image_as_pattern=\u00a0\u00bbwithout_pattern\u00a0\u00bb][vc_column width=\u00a0\u00bb1\/2&Prime;][\/vc_column][vc_column width=\u00a0\u00bb1\/2&Prime;][\/vc_column][\/vc_row][vc_row css_animation=\u00a0\u00bb\u00a0\u00bb row_type=\u00a0\u00bbrow\u00a0\u00bb use_row_as_full_screen_section=\u00a0\u00bbno\u00a0\u00bb type=\u00a0\u00bbgrid\u00a0\u00bb angled_section=\u00a0\u00bbno\u00a0\u00bb text_align=\u00a0\u00bbleft\u00a0\u00bb background_image_as_pattern=\u00a0\u00bbwithout_pattern\u00a0\u00bb][vc_column][vc_empty_space][\/vc_column][\/vc_row][vc_row css_animation=\u00a0\u00bb\u00a0\u00bb row_type=\u00a0\u00bbrow\u00a0\u00bb use_row_as_full_screen_section=\u00a0\u00bbno\u00a0\u00bb type=\u00a0\u00bbfull_width\u00a0\u00bb angled_section=\u00a0\u00bbno\u00a0\u00bb text_align=\u00a0\u00bbleft\u00a0\u00bb background_image_as_pattern=\u00a0\u00bbwithout_pattern\u00a0\u00bb][vc_column][vc_empty_space][\/vc_column][\/vc_row][vc_row css_animation=\u00a0\u00bb\u00a0\u00bb row_type=\u00a0\u00bbrow\u00a0\u00bb use_row_as_full_screen_section=\u00a0\u00bbno\u00a0\u00bb type=\u00a0\u00bbfull_width\u00a0\u00bb angled_section=\u00a0\u00bbno\u00a0\u00bb text_align=\u00a0\u00bbleft\u00a0\u00bb background_image_as_pattern=\u00a0\u00bbwithout_pattern\u00a0\u00bb][vc_column][\/vc_column][\/vc_row]","og_url":"https:\/\/dinamon.com\/fr\/iris-gestion-intelligente-dinformations-concernant-les-brevets\/","og_site_name":"Dinamon","article_publisher":"https:\/\/www.facebook.com\/dinamoninternet","article_modified_time":"2018-10-09T08:46:10+00:00","twitter_card":"summary_large_image","twitter_site":"@dinamoninternet","twitter_misc":{"Dur\u00e9e de lecture estim\u00e9e":"2 minutes"},"schema":{"@context":"https:\/\/schema.org","@graph":[{"@type":"WebPage","@id":"https:\/\/dinamon.com\/fr\/iris-gestion-intelligente-dinformations-concernant-les-brevets\/","url":"https:\/\/dinamon.com\/fr\/iris-gestion-intelligente-dinformations-concernant-les-brevets\/","name":"IRIS: Gestion intelligente d'informations concernant les brevets - Dinamon","isPartOf":{"@id":"https:\/\/dinamon.com\/#website"},"datePublished":"2018-07-20T14:35:04+00:00","dateModified":"2018-10-09T08:46:10+00:00","breadcrumb":{"@id":"https:\/\/dinamon.com\/fr\/iris-gestion-intelligente-dinformations-concernant-les-brevets\/#breadcrumb"},"inLanguage":"fr-FR","potentialAction":[{"@type":"ReadAction","target":["https:\/\/dinamon.com\/fr\/iris-gestion-intelligente-dinformations-concernant-les-brevets\/"]}]},{"@type":"BreadcrumbList","@id":"https:\/\/dinamon.com\/fr\/iris-gestion-intelligente-dinformations-concernant-les-brevets\/#breadcrumb","itemListElement":[{"@type":"ListItem","position":1,"name":"Portada","item":"https:\/\/dinamon.com\/fr\/"},{"@type":"ListItem","position":2,"name":"IRIS: Gestion intelligente d&rsquo;informations concernant les brevets"}]},{"@type":"WebSite","@id":"https:\/\/dinamon.com\/#website","url":"https:\/\/dinamon.com\/","name":"Dinamon","description":"Experience that leads to the succes","publisher":{"@id":"https:\/\/dinamon.com\/#organization"},"potentialAction":[{"@type":"SearchAction","target":{"@type":"EntryPoint","urlTemplate":"https:\/\/dinamon.com\/?s={search_term_string}"},"query-input":{"@type":"PropertyValueSpecification","valueRequired":true,"valueName":"search_term_string"}}],"inLanguage":"fr-FR"},{"@type":"Organization","@id":"https:\/\/dinamon.com\/#organization","name":"Dinamon Internet S.L.","url":"https:\/\/dinamon.com\/","logo":{"@type":"ImageObject","inLanguage":"fr-FR","@id":"https:\/\/dinamon.com\/#\/schema\/logo\/image\/","url":"https:\/\/dinamon.com\/wp-content\/uploads\/2018\/01\/dinamon3.png","contentUrl":"https:\/\/dinamon.com\/wp-content\/uploads\/2018\/01\/dinamon3.png","width":200,"height":100,"caption":"Dinamon Internet S.L."},"image":{"@id":"https:\/\/dinamon.com\/#\/schema\/logo\/image\/"},"sameAs":["https:\/\/www.facebook.com\/dinamoninternet","https:\/\/x.com\/dinamoninternet","https:\/\/www.linkedin.com\/company\/dinamon-internet-s.l.\/"]}]}},"_links":{"self":[{"href":"https:\/\/dinamon.com\/fr\/wp-json\/wp\/v2\/pages\/16867\/"}],"collection":[{"href":"https:\/\/dinamon.com\/fr\/wp-json\/wp\/v2\/pages\/"}],"about":[{"href":"https:\/\/dinamon.com\/fr\/wp-json\/wp\/v2\/types\/page\/"}],"author":[{"embeddable":true,"href":"https:\/\/dinamon.com\/fr\/wp-json\/wp\/v2\/users\/1\/"}],"replies":[{"embeddable":true,"href":"https:\/\/dinamon.com\/fr\/wp-json\/wp\/v2\/comments\/?post=16867"}],"version-history":[{"count":0,"href":"https:\/\/dinamon.com\/fr\/wp-json\/wp\/v2\/pages\/16867\/revisions\/"}],"wp:attachment":[{"href":"https:\/\/dinamon.com\/fr\/wp-json\/wp\/v2\/media\/?parent=16867"}],"curies":[{"name":"wp","href":"https:\/\/api.w.org\/{rel}","templated":true}]}}