{"id":16951,"date":"2018-07-26T17:07:06","date_gmt":"2018-07-26T17:07:06","guid":{"rendered":"http:\/\/dinamon.com\/?page_id=16951"},"modified":"2018-07-27T15:05:19","modified_gmt":"2018-07-27T15:05:19","slug":"home-fr","status":"publish","type":"page","link":"https:\/\/dinamon.com\/fr\/","title":{"rendered":"Home"},"content":{"rendered":"<p>[vc_row css_animation=\u00a0\u00bb\u00a0\u00bb row_type=\u00a0\u00bbrow\u00a0\u00bb use_row_as_full_screen_section=\u00a0\u00bbno\u00a0\u00bb type=\u00a0\u00bbgrid\u00a0\u00bb angled_section=\u00a0\u00bbno\u00a0\u00bb text_align=\u00a0\u00bbleft\u00a0\u00bb background_image_as_pattern=\u00a0\u00bbwithout_pattern\u00a0\u00bb background_color=\u00a0\u00bb#ffffff\u00a0\u00bb padding_top=\u00a0\u00bb95&Prime; padding_bottom=\u00a0\u00bb34&Prime;][vc_column width=\u00a0\u00bb1\/4&Prime; el_class=\u00a0\u00bb.icon_with_title_link{display: none !important;}\u00a0\u00bb]<div class='q_icon_with_title medium circle center'><div class=\"icon_holder \" style=\"margin: 0 0 28px 0; \"><span data-icon-type=\"circle\"  data-icon-hover-bg-color=\"#4a0e92\" class=\"qode_iwt_icon_holder fa-stack fa-3x  \" style=\"font-size: 45px;\"><i class=\"qode_icon_font_awesome fa fa-camera qode_iwt_icon_element\" style=\"\" ><\/i><\/span><\/div><div class=\"icon_text_holder\" style=\"\"><div class=\"icon_text_inner\" style=\"\"><h3 class=\"icon_title\" style=\"\">NOUS<\/h3><p style=''>Plus de 20 ans d'exp\u00e9rience en terme de projets digitaux<\/p><\/div><\/div><\/div>[vc_separator type=\u00a0\u00bbtransparent\u00a0\u00bb up=\u00a0\u00bb37&Prime; down=\u00a0\u00bb0&Prime;][\/vc_column][vc_column width=\u00a0\u00bb1\/4&Prime;]<div class='q_icon_with_title medium circle center'><div class=\"icon_holder \" style=\"margin: 0 0 28px 0; \"><a itemprop=\"url\" href=\"http:\/\/www.dinamon.com\/services\/\" target=\"_self\" class=\"q_icon_link\"><span data-icon-type=\"circle\"  data-icon-hover-bg-color=\"#4a0e92\" class=\"qode_iwt_icon_holder fa-stack fa-3x  \" style=\"font-size: 45px;\"><i class=\"qode_icon_font_awesome fa fa-hdd-o qode_iwt_icon_element\" style=\"\" ><\/i><\/span><\/a><\/div><div class=\"icon_text_holder\" style=\"\"><div class=\"icon_text_inner\" style=\"\"><h3 class=\"icon_title\" style=\"\">SERVICES<\/h3><p style=''>Passer de l'id\u00e9e \u00e0 l'action est un processus qui requiert de la volont\u00e9, cr\u00e9ativit\u00e9 et m\u00e9thodologie. Chez Dinamon, nous sommes sp\u00e9cialis\u00e9s dans la mat\u00e9rialisation de projets. <\/p><a itemprop='url' class='icon_with_title_link' href='http:\/\/www.dinamon.com\/services\/' target='_self' style=''>Read More<\/a><\/div><\/div><\/div>[vc_separator type=\u00a0\u00bbtransparent\u00a0\u00bb up=\u00a0\u00bb37&Prime; down=\u00a0\u00bb0&Prime;][\/vc_column][vc_column width=\u00a0\u00bb1\/4&Prime;]<div class='q_icon_with_title medium circle center'><div class=\"icon_holder \" style=\"margin: 0 0 28px 0; \"><a itemprop=\"url\" href=\"http:\/\/www.dinamon.com\/como-lo-hacemos\/\" target=\"_self\" class=\"q_icon_link\"><span data-icon-type=\"circle\" data-icon-hover-color=\"#ffffff\" data-icon-hover-bg-color=\"#4a0e92\" class=\"qode_iwt_icon_holder fa-stack fa-3x  \" style=\"font-size: 45px;\"><i class=\"qode_icon_font_awesome fa fa-bell-o qode_iwt_icon_element\" style=\"\" ><\/i><\/span><\/a><\/div><div class=\"icon_text_holder\" style=\"\"><div class=\"icon_text_inner\" style=\"\"><h3 class=\"icon_title\" style=\"\">D\u00c9VELOPPEMENT<\/h3><p style=''>Experts en transformation digitale pour les PME <\/p><a itemprop='url' class='icon_with_title_link' href='http:\/\/www.dinamon.com\/como-lo-hacemos\/' target='_self' style=''>Read More<\/a><\/div><\/div><\/div>[vc_separator type=\u00a0\u00bbtransparent\u00a0\u00bb up=\u00a0\u00bb37&Prime; down=\u00a0\u00bb0&Prime;][\/vc_column][vc_column width=\u00a0\u00bb1\/4&Prime;]<div class='q_icon_with_title medium circle center'><div class=\"icon_holder \" style=\"margin: 0 0 28px 0; \"><a itemprop=\"url\" href=\"http:\/\/www.dinamon.com\/contact\/\" target=\"_self\" class=\"q_icon_link\"><span data-icon-type=\"circle\"  data-icon-hover-bg-color=\"#4a0e92\" class=\"qode_iwt_icon_holder fa-stack fa-3x  \" style=\"font-size: 45px;\"><i class=\"qode_icon_font_awesome fa fa-rocket qode_iwt_icon_element\" style=\"\" ><\/i><\/span><\/a><\/div><div class=\"icon_text_holder\" style=\"\"><div class=\"icon_text_inner\" style=\"\"><h3 class=\"icon_title\" style=\"\">CONTACT<\/h3><p style=''>Vous souhaitez d\u00e9velopper un projet mais vous ne savez pas par o\u00f9 commencer ?<\/p><a itemprop='url' class='icon_with_title_link' href='http:\/\/www.dinamon.com\/contact\/' target='_self' style=''>Read More<\/a><\/div><\/div><\/div>[vc_separator type=\u00a0\u00bbtransparent\u00a0\u00bb up=\u00a0\u00bb37&Prime; down=\u00a0\u00bb0&Prime;][\/vc_column][\/vc_row][vc_row css_animation=\u00a0\u00bb\u00a0\u00bb row_type=\u00a0\u00bbrow\u00a0\u00bb use_row_as_full_screen_section=\u00a0\u00bbno\u00a0\u00bb type=\u00a0\u00bbfull_width\u00a0\u00bb angled_section=\u00a0\u00bbno\u00a0\u00bb text_align=\u00a0\u00bbleft\u00a0\u00bb background_image_as_pattern=\u00a0\u00bbwithout_pattern\u00a0\u00bb padding_top=\u00a0\u00bb0&Prime; padding_bottom=\u00a0\u00bb0&Prime;][vc_column]<div class=\"call_to_action normal\" style=\"background-color: #c4c4c4;\"><div class=\"container_inner\"><div class=\"two_columns_75_25 clearfix\"><div class=\"text_wrapper column1\"><div class=\"call_to_action_text \" style=\"\">Avez-vous une id\u00e9e ? Nous vous aidons \u00e0 la concr\u00e9tiser !<\/p>\n<\/div><\/div><div class=\"button_wrapper column2\"><a itemprop=\"url\" href=\"\/contact\" class=\"qbutton white \" target=\"_self\" style=\"color: #ffffff;border-color: #ffffff;\"data-hover-background-color=#4a0e92 data-hover-border-color=#ffffff data-hover-color=#ffffff>Contacta<\/a><\/div><\/div><\/div><\/div>[\/vc_column][\/vc_row][vc_row row_type=\u00a0\u00bbparallax\u00a0\u00bb parallax_content_width=\u00a0\u00bbin_grid\u00a0\u00bb text_align=\u00a0\u00bbleft\u00a0\u00bb background_image=\u00a0\u00bb15377&Prime; full_screen_section_height=\u00a0\u00bbno\u00a0\u00bb section_height=\u00a0\u00bb500&Prime;][vc_column][vc_separator type=\u00a0\u00bbtransparent\u00a0\u00bb up=\u00a0\u00bb167&Prime; down=\u00a0\u00bb2&Prime;][vc_row_inner row_type=\u00a0\u00bbrow\u00a0\u00bb type=\u00a0\u00bbfull_width\u00a0\u00bb text_align=\u00a0\u00bbleft\u00a0\u00bb css_animation=\u00a0\u00bb\u00a0\u00bb][vc_column_inner width=\u00a0\u00bb1\/3&Prime; css=\u00a0\u00bb.vc_custom_1476448427326{background-color: #c4c4c4 !important;}\u00a0\u00bb]<div class=\"q_counter_holder  center\" style=\"\"><span class=\"counter  zero\" style=\"color: #4a0e92;font-size: 60px;\">6832<\/span><span class=\"separator small\" style=\"background-color: #ffffff;\"><\/span><p class=\"counter_text\" style=\"color: #4a0e92;\">LIGNES DE CODE<\/p><\/div>[vc_separator type=\u00a0\u00bbtransparent\u00a0\u00bb up=\u00a0\u00bb60&Prime; down=\u00a0\u00bb2&Prime;][\/vc_column_inner][vc_column_inner width=\u00a0\u00bb1\/3&Prime; css=\u00a0\u00bb.vc_custom_1476448348280{background-color: #c4c4c4 !important;}\u00a0\u00bb]<div class=\"q_counter_holder  center\" style=\"\"><span class=\"counter  zero\" style=\"color: #4a0e92;font-size: 60px;\">482<\/span><span class=\"separator small\" style=\"background-color: #ffffff;\"><\/span><p class=\"counter_text\" style=\"color: #4a0e92;\">TASSES DE CAF\u00c9<\/p><\/div>[vc_separator type=\u00a0\u00bbtransparent\u00a0\u00bb up=\u00a0\u00bb60&Prime; down=\u00a0\u00bb2&Prime;][\/vc_column_inner][vc_column_inner width=\u00a0\u00bb1\/3&Prime; css=\u00a0\u00bb.vc_custom_1476448363922{background-color: #c4c4c4 !important;}\u00a0\u00bb]<div class=\"q_counter_holder  center\" style=\"\"><span class=\"counter  zero\" style=\"color: #4a0e92;font-size: 60px;\">53<\/span><span class=\"separator small\" style=\"background-color: #ffffff;\"><\/span><p class=\"counter_text\" style=\"color: #4a0e92;\">CLIENTS<\/p><\/div>[vc_separator type=\u00a0\u00bbtransparent\u00a0\u00bb up=\u00a0\u00bb60&Prime; down=\u00a0\u00bb2&Prime;][\/vc_column_inner][\/vc_row_inner][vc_separator type=\u00a0\u00bbtransparent\u00a0\u00bb][\/vc_column][\/vc_row][vc_row css_animation=\u00a0\u00bb\u00a0\u00bb row_type=\u00a0\u00bbrow\u00a0\u00bb use_row_as_full_screen_section=\u00a0\u00bbno\u00a0\u00bb type=\u00a0\u00bbgrid\u00a0\u00bb angled_section=\u00a0\u00bbno\u00a0\u00bb text_align=\u00a0\u00bbleft\u00a0\u00bb background_image_as_pattern=\u00a0\u00bbwithout_pattern\u00a0\u00bb background_color=\u00a0\u00bb#ffffff\u00a0\u00bb padding_top=\u00a0\u00bb87&Prime; padding_bottom=\u00a0\u00bb0&Prime;][vc_column][vc_column_text]<\/p>\n<h2 style=\"text-align: center;\">QUE FAISONS-NOUS ?<\/h2>\n<p>[\/vc_column_text][vc_separator type=\u00a0\u00bbsmall\u00a0\u00bb position=\u00a0\u00bbcenter\u00a0\u00bb color=\u00a0\u00bb#8a00e6&Prime; width=\u00a0\u00bb10&Prime; width_in_percentages=\u00a0\u00bbyes\u00a0\u00bb up=\u00a0\u00bb7&Prime; down=\u00a0\u00bb38&Prime;][vc_column_text]<\/p>\n<p style=\"text-align: center;\">Nous sommes sp\u00e9cialis\u00e9s\u00a0dans la cr\u00e9ation et dans le d\u00e9veloppement des applications multiplateformes<\/p>\n<p>[\/vc_column_text][vc_separator type=\u00a0\u00bbtransparent\u00a0\u00bb up=\u00a0\u00bb35&Prime; down=\u00a0\u00bb17&Prime;][\/vc_column][\/vc_row][vc_row css_animation=\u00a0\u00bb\u00a0\u00bb row_type=\u00a0\u00bbrow\u00a0\u00bb use_row_as_full_screen_section=\u00a0\u00bbno\u00a0\u00bb type=\u00a0\u00bbgrid\u00a0\u00bb angled_section=\u00a0\u00bbno\u00a0\u00bb text_align=\u00a0\u00bbleft\u00a0\u00bb background_image_as_pattern=\u00a0\u00bbwithout_pattern\u00a0\u00bb background_color=\u00a0\u00bb#ffffff\u00a0\u00bb][vc_column width=\u00a0\u00bb1\/3&Prime;][vc_row_inner row_type=\u00a0\u00bbrow\u00a0\u00bb use_as_box=\u00a0\u00bbuse_row_as_box\u00a0\u00bb type=\u00a0\u00bbfull_width\u00a0\u00bb text_align=\u00a0\u00bbleft\u00a0\u00bb css_animation=\u00a0\u00bb\u00a0\u00bb padding=\u00a0\u00bb10&Prime;][vc_column_inner][vc_column_text]<\/p>\n<h5 style=\"text-align: center;\"><a href=\"\/ecommerce\">D\u00e9veloppement de plateformes e-commerce<\/a><\/h5>\n<p>[\/vc_column_text][vc_separator type=\u00a0\u00bbsmall\u00a0\u00bb position=\u00a0\u00bbcenter\u00a0\u00bb color=\u00a0\u00bb#8a00e6&Prime; width=\u00a0\u00bb10&Prime; width_in_percentages=\u00a0\u00bbyes\u00a0\u00bb up=\u00a0\u00bb6&Prime;][vc_column_text]<\/p>\n<p style=\"text-align: left;\">Nous d\u00e9veloppons des solutions de commerce \u00e9lectronique avec les technologies les plus utilis\u00e9es actuellement\u00a0 :\u00a0Woocommerce, Oscommerce, Magento, Prestashop, etc&#8230;<\/p>\n<p>[\/vc_column_text][\/vc_column_inner][\/vc_row_inner][vc_separator type=\u00a0\u00bbtransparent\u00a0\u00bb up=\u00a0\u00bb39&Prime; down=\u00a0\u00bb0&Prime;][\/vc_column][vc_column width=\u00a0\u00bb1\/3&Prime;][vc_row_inner row_type=\u00a0\u00bbrow\u00a0\u00bb use_as_box=\u00a0\u00bbuse_row_as_box\u00a0\u00bb type=\u00a0\u00bbfull_width\u00a0\u00bb text_align=\u00a0\u00bbleft\u00a0\u00bb css_animation=\u00a0\u00bb\u00a0\u00bb padding=\u00a0\u00bb10&Prime;][vc_column_inner][vc_column_text]<\/p>\n<h5 style=\"text-align: center;\"><a href=\"\/marketplace\">Int\u00e9gration dans les marketplaces<\/a><\/h5>\n<p>[\/vc_column_text][vc_separator type=\u00a0\u00bbsmall\u00a0\u00bb position=\u00a0\u00bbcenter\u00a0\u00bb color=\u00a0\u00bb#8a00e6&Prime; width=\u00a0\u00bb10&Prime; width_in_percentages=\u00a0\u00bbyes\u00a0\u00bb up=\u00a0\u00bb27&Prime;][vc_column_text]<\/p>\n<p style=\"text-align: left;\">Nous int\u00e9grons des applications entrepreneuriales et des magasins virtuels avec les marketplaces existantes<\/p>\n<p>[\/vc_column_text][\/vc_column_inner][\/vc_row_inner][vc_separator type=\u00a0\u00bbtransparent\u00a0\u00bb up=\u00a0\u00bb39&Prime; down=\u00a0\u00bb0&Prime;][\/vc_column][vc_column width=\u00a0\u00bb1\/3&Prime;][vc_row_inner row_type=\u00a0\u00bbrow\u00a0\u00bb use_as_box=\u00a0\u00bbuse_row_as_box\u00a0\u00bb type=\u00a0\u00bbfull_width\u00a0\u00bb text_align=\u00a0\u00bbleft\u00a0\u00bb css_animation=\u00a0\u00bb\u00a0\u00bb padding=\u00a0\u00bb10&Prime;][vc_column_inner][vc_column_text]<\/p>\n<h5 style=\"text-align: center;\"><a href=\"\/omnichannel\">D\u00e9veloppements technologiques pour les Omnichannel<\/a><\/h5>\n<p>[\/vc_column_text][vc_separator type=\u00a0\u00bbsmall\u00a0\u00bb position=\u00a0\u00bbcenter\u00a0\u00bb color=\u00a0\u00bb#8a00e6&Prime; width=\u00a0\u00bb10&Prime; width_in_percentages=\u00a0\u00bbyes\u00a0\u00bb up=\u00a0\u00bb6&Prime;][vc_column_text]<\/p>\n<p style=\"text-align: left;\">Nous appliquons la technologie au retail pour d\u00e9velopper des nouvelles formes de vente entre les magasins et ses clients.<\/p>\n<p>[\/vc_column_text][\/vc_column_inner][\/vc_row_inner][vc_separator type=\u00a0\u00bbtransparent\u00a0\u00bb up=\u00a0\u00bb39&Prime; down=\u00a0\u00bb0&Prime;][\/vc_column][\/vc_row][vc_row css_animation=\u00a0\u00bb\u00a0\u00bb row_type=\u00a0\u00bbrow\u00a0\u00bb use_row_as_full_screen_section=\u00a0\u00bbno\u00a0\u00bb type=\u00a0\u00bbgrid\u00a0\u00bb angled_section=\u00a0\u00bbno\u00a0\u00bb text_align=\u00a0\u00bbleft\u00a0\u00bb background_image_as_pattern=\u00a0\u00bbwithout_pattern\u00a0\u00bb background_color=\u00a0\u00bb#ffffff\u00a0\u00bb padding_bottom=\u00a0\u00bb50&Prime;][vc_column width=\u00a0\u00bb1\/3&Prime;][vc_separator type=\u00a0\u00bbtransparent\u00a0\u00bb up=\u00a0\u00bb39&Prime; down=\u00a0\u00bb0&Prime;][\/vc_column][vc_column width=\u00a0\u00bb1\/3&Prime;][vc_separator type=\u00a0\u00bbtransparent\u00a0\u00bb up=\u00a0\u00bb39&Prime; down=\u00a0\u00bb0&Prime;][\/vc_column][vc_column width=\u00a0\u00bb1\/3&Prime;][vc_separator type=\u00a0\u00bbtransparent\u00a0\u00bb up=\u00a0\u00bb39&Prime; down=\u00a0\u00bb0&Prime;][\/vc_column][\/vc_row]<\/p>\n","protected":false},"excerpt":{"rendered":"<p>[vc_row css_animation=\u00a0\u00bb\u00a0\u00bb row_type=\u00a0\u00bbrow\u00a0\u00bb use_row_as_full_screen_section=\u00a0\u00bbno\u00a0\u00bb type=\u00a0\u00bbgrid\u00a0\u00bb angled_section=\u00a0\u00bbno\u00a0\u00bb text_align=\u00a0\u00bbleft\u00a0\u00bb background_image_as_pattern=\u00a0\u00bbwithout_pattern\u00a0\u00bb background_color=\u00a0\u00bb#ffffff\u00a0\u00bb padding_top=\u00a0\u00bb95&Prime; padding_bottom=\u00a0\u00bb34&Prime;][vc_column width=\u00a0\u00bb1\/4&Prime; el_class=\u00a0\u00bb.icon_with_title_link{display: none !important;}\u00a0\u00bb][vc_separator type=\u00a0\u00bbtransparent\u00a0\u00bb up=\u00a0\u00bb37&Prime; down=\u00a0\u00bb0&Prime;][\/vc_column][vc_column width=\u00a0\u00bb1\/4&Prime;][vc_separator type=\u00a0\u00bbtransparent\u00a0\u00bb up=\u00a0\u00bb37&Prime; down=\u00a0\u00bb0&Prime;][\/vc_column][vc_column width=\u00a0\u00bb1\/4&Prime;][vc_separator type=\u00a0\u00bbtransparent\u00a0\u00bb up=\u00a0\u00bb37&Prime; down=\u00a0\u00bb0&Prime;][\/vc_column][vc_column width=\u00a0\u00bb1\/4&Prime;][vc_separator type=\u00a0\u00bbtransparent\u00a0\u00bb up=\u00a0\u00bb37&Prime; down=\u00a0\u00bb0&Prime;][\/vc_column][\/vc_row][vc_row css_animation=\u00a0\u00bb\u00a0\u00bb row_type=\u00a0\u00bbrow\u00a0\u00bb use_row_as_full_screen_section=\u00a0\u00bbno\u00a0\u00bb type=\u00a0\u00bbfull_width\u00a0\u00bb angled_section=\u00a0\u00bbno\u00a0\u00bb text_align=\u00a0\u00bbleft\u00a0\u00bb background_image_as_pattern=\u00a0\u00bbwithout_pattern\u00a0\u00bb padding_top=\u00a0\u00bb0&Prime; padding_bottom=\u00a0\u00bb0&Prime;][vc_column][\/vc_column][\/vc_row][vc_row row_type=\u00a0\u00bbparallax\u00a0\u00bb parallax_content_width=\u00a0\u00bbin_grid\u00a0\u00bb text_align=\u00a0\u00bbleft\u00a0\u00bb background_image=\u00a0\u00bb15377&Prime; full_screen_section_height=\u00a0\u00bbno\u00a0\u00bb section_height=\u00a0\u00bb500&Prime;][vc_column][vc_separator&#8230;<\/p>\n","protected":false},"author":1,"featured_media":0,"parent":0,"menu_order":0,"comment_status":"closed","ping_status":"closed","template":"full_width.php","meta":{"content-type":"","_monsterinsights_skip_tracking":false,"_monsterinsights_sitenote_active":false,"_monsterinsights_sitenote_note":"","_monsterinsights_sitenote_category":0,"footnotes":""},"class_list":["post-16951","page","type-page","status-publish","hentry"],"yoast_head":"<!-- This site is optimized with the Yoast SEO plugin v26.4 - https:\/\/yoast.com\/wordpress\/plugins\/seo\/ -->\n<title>Home - Dinamon<\/title>\n<meta name=\"robots\" content=\"index, follow, max-snippet:-1, max-image-preview:large, max-video-preview:-1\" \/>\n<link rel=\"canonical\" href=\"https:\/\/dinamon.com\/fr\/\" \/>\n<meta property=\"og:locale\" content=\"fr_FR\" \/>\n<meta property=\"og:type\" content=\"article\" \/>\n<meta property=\"og:title\" content=\"Home - Dinamon\" \/>\n<meta property=\"og:description\" content=\"[vc_row css_animation=\u00a0\u00bb\u00a0\u00bb row_type=\u00a0\u00bbrow\u00a0\u00bb use_row_as_full_screen_section=\u00a0\u00bbno\u00a0\u00bb type=\u00a0\u00bbgrid\u00a0\u00bb angled_section=\u00a0\u00bbno\u00a0\u00bb text_align=\u00a0\u00bbleft\u00a0\u00bb background_image_as_pattern=\u00a0\u00bbwithout_pattern\u00a0\u00bb background_color=\u00a0\u00bb#ffffff\u00a0\u00bb padding_top=\u00a0\u00bb95&Prime; padding_bottom=\u00a0\u00bb34&Prime;][vc_column width=\u00a0\u00bb1\/4&Prime; el_class=\u00a0\u00bb.icon_with_title_link{display: none !important;}\u00a0\u00bb][vc_separator type=\u00a0\u00bbtransparent\u00a0\u00bb up=\u00a0\u00bb37&Prime; down=\u00a0\u00bb0&Prime;][\/vc_column][vc_column width=\u00a0\u00bb1\/4&Prime;][vc_separator type=\u00a0\u00bbtransparent\u00a0\u00bb up=\u00a0\u00bb37&Prime; down=\u00a0\u00bb0&Prime;][\/vc_column][vc_column width=\u00a0\u00bb1\/4&Prime;][vc_separator type=\u00a0\u00bbtransparent\u00a0\u00bb up=\u00a0\u00bb37&Prime; down=\u00a0\u00bb0&Prime;][\/vc_column][vc_column width=\u00a0\u00bb1\/4&Prime;][vc_separator type=\u00a0\u00bbtransparent\u00a0\u00bb up=\u00a0\u00bb37&Prime; down=\u00a0\u00bb0&Prime;][\/vc_column][\/vc_row][vc_row css_animation=\u00a0\u00bb\u00a0\u00bb row_type=\u00a0\u00bbrow\u00a0\u00bb use_row_as_full_screen_section=\u00a0\u00bbno\u00a0\u00bb type=\u00a0\u00bbfull_width\u00a0\u00bb angled_section=\u00a0\u00bbno\u00a0\u00bb text_align=\u00a0\u00bbleft\u00a0\u00bb background_image_as_pattern=\u00a0\u00bbwithout_pattern\u00a0\u00bb padding_top=\u00a0\u00bb0&Prime; padding_bottom=\u00a0\u00bb0&Prime;][vc_column][\/vc_column][\/vc_row][vc_row row_type=\u00a0\u00bbparallax\u00a0\u00bb parallax_content_width=\u00a0\u00bbin_grid\u00a0\u00bb text_align=\u00a0\u00bbleft\u00a0\u00bb background_image=\u00a0\u00bb15377&Prime; full_screen_section_height=\u00a0\u00bbno\u00a0\u00bb section_height=\u00a0\u00bb500&Prime;][vc_column][vc_separator...\" \/>\n<meta property=\"og:url\" content=\"https:\/\/dinamon.com\/fr\/\" \/>\n<meta property=\"og:site_name\" content=\"Dinamon\" \/>\n<meta property=\"article:publisher\" content=\"https:\/\/www.facebook.com\/dinamoninternet\" \/>\n<meta property=\"article:modified_time\" content=\"2018-07-27T15:05:19+00:00\" \/>\n<meta name=\"twitter:card\" content=\"summary_large_image\" \/>\n<meta name=\"twitter:site\" content=\"@dinamoninternet\" \/>\n<meta name=\"twitter:label1\" content=\"Dur\u00e9e de lecture estim\u00e9e\" \/>\n\t<meta name=\"twitter:data1\" content=\"6 minutes\" \/>\n<script type=\"application\/ld+json\" class=\"yoast-schema-graph\">{\"@context\":\"https:\/\/schema.org\",\"@graph\":[{\"@type\":\"WebPage\",\"@id\":\"https:\/\/dinamon.com\/fr\/\",\"url\":\"https:\/\/dinamon.com\/fr\/\",\"name\":\"Home - Dinamon\",\"isPartOf\":{\"@id\":\"https:\/\/dinamon.com\/#website\"},\"datePublished\":\"2018-07-26T17:07:06+00:00\",\"dateModified\":\"2018-07-27T15:05:19+00:00\",\"breadcrumb\":{\"@id\":\"https:\/\/dinamon.com\/fr\/#breadcrumb\"},\"inLanguage\":\"fr-FR\",\"potentialAction\":[{\"@type\":\"ReadAction\",\"target\":[\"https:\/\/dinamon.com\/fr\/\"]}]},{\"@type\":\"BreadcrumbList\",\"@id\":\"https:\/\/dinamon.com\/fr\/#breadcrumb\",\"itemListElement\":[{\"@type\":\"ListItem\",\"position\":1,\"name\":\"Portada\",\"item\":\"https:\/\/dinamon.com\/fr\/\"},{\"@type\":\"ListItem\",\"position\":2,\"name\":\"Home\"}]},{\"@type\":\"WebSite\",\"@id\":\"https:\/\/dinamon.com\/#website\",\"url\":\"https:\/\/dinamon.com\/\",\"name\":\"Dinamon\",\"description\":\"Experience that leads to the succes\",\"publisher\":{\"@id\":\"https:\/\/dinamon.com\/#organization\"},\"potentialAction\":[{\"@type\":\"SearchAction\",\"target\":{\"@type\":\"EntryPoint\",\"urlTemplate\":\"https:\/\/dinamon.com\/?s={search_term_string}\"},\"query-input\":{\"@type\":\"PropertyValueSpecification\",\"valueRequired\":true,\"valueName\":\"search_term_string\"}}],\"inLanguage\":\"fr-FR\"},{\"@type\":\"Organization\",\"@id\":\"https:\/\/dinamon.com\/#organization\",\"name\":\"Dinamon Internet S.L.\",\"url\":\"https:\/\/dinamon.com\/\",\"logo\":{\"@type\":\"ImageObject\",\"inLanguage\":\"fr-FR\",\"@id\":\"https:\/\/dinamon.com\/#\/schema\/logo\/image\/\",\"url\":\"https:\/\/dinamon.com\/wp-content\/uploads\/2018\/01\/dinamon3.png\",\"contentUrl\":\"https:\/\/dinamon.com\/wp-content\/uploads\/2018\/01\/dinamon3.png\",\"width\":200,\"height\":100,\"caption\":\"Dinamon Internet S.L.\"},\"image\":{\"@id\":\"https:\/\/dinamon.com\/#\/schema\/logo\/image\/\"},\"sameAs\":[\"https:\/\/www.facebook.com\/dinamoninternet\",\"https:\/\/x.com\/dinamoninternet\",\"https:\/\/www.linkedin.com\/company\/dinamon-internet-s.l.\/\"]}]}<\/script>\n<!-- \/ Yoast SEO plugin. -->","yoast_head_json":{"title":"Home - Dinamon","robots":{"index":"index","follow":"follow","max-snippet":"max-snippet:-1","max-image-preview":"max-image-preview:large","max-video-preview":"max-video-preview:-1"},"canonical":"https:\/\/dinamon.com\/fr\/","og_locale":"fr_FR","og_type":"article","og_title":"Home - Dinamon","og_description":"[vc_row css_animation=\u00a0\u00bb\u00a0\u00bb row_type=\u00a0\u00bbrow\u00a0\u00bb use_row_as_full_screen_section=\u00a0\u00bbno\u00a0\u00bb type=\u00a0\u00bbgrid\u00a0\u00bb angled_section=\u00a0\u00bbno\u00a0\u00bb text_align=\u00a0\u00bbleft\u00a0\u00bb background_image_as_pattern=\u00a0\u00bbwithout_pattern\u00a0\u00bb background_color=\u00a0\u00bb#ffffff\u00a0\u00bb padding_top=\u00a0\u00bb95&Prime; padding_bottom=\u00a0\u00bb34&Prime;][vc_column width=\u00a0\u00bb1\/4&Prime; el_class=\u00a0\u00bb.icon_with_title_link{display: none !important;}\u00a0\u00bb][vc_separator type=\u00a0\u00bbtransparent\u00a0\u00bb up=\u00a0\u00bb37&Prime; down=\u00a0\u00bb0&Prime;][\/vc_column][vc_column width=\u00a0\u00bb1\/4&Prime;][vc_separator type=\u00a0\u00bbtransparent\u00a0\u00bb up=\u00a0\u00bb37&Prime; down=\u00a0\u00bb0&Prime;][\/vc_column][vc_column width=\u00a0\u00bb1\/4&Prime;][vc_separator type=\u00a0\u00bbtransparent\u00a0\u00bb up=\u00a0\u00bb37&Prime; down=\u00a0\u00bb0&Prime;][\/vc_column][vc_column width=\u00a0\u00bb1\/4&Prime;][vc_separator type=\u00a0\u00bbtransparent\u00a0\u00bb up=\u00a0\u00bb37&Prime; down=\u00a0\u00bb0&Prime;][\/vc_column][\/vc_row][vc_row css_animation=\u00a0\u00bb\u00a0\u00bb row_type=\u00a0\u00bbrow\u00a0\u00bb use_row_as_full_screen_section=\u00a0\u00bbno\u00a0\u00bb type=\u00a0\u00bbfull_width\u00a0\u00bb angled_section=\u00a0\u00bbno\u00a0\u00bb text_align=\u00a0\u00bbleft\u00a0\u00bb background_image_as_pattern=\u00a0\u00bbwithout_pattern\u00a0\u00bb padding_top=\u00a0\u00bb0&Prime; padding_bottom=\u00a0\u00bb0&Prime;][vc_column][\/vc_column][\/vc_row][vc_row row_type=\u00a0\u00bbparallax\u00a0\u00bb parallax_content_width=\u00a0\u00bbin_grid\u00a0\u00bb text_align=\u00a0\u00bbleft\u00a0\u00bb background_image=\u00a0\u00bb15377&Prime; full_screen_section_height=\u00a0\u00bbno\u00a0\u00bb section_height=\u00a0\u00bb500&Prime;][vc_column][vc_separator...","og_url":"https:\/\/dinamon.com\/fr\/","og_site_name":"Dinamon","article_publisher":"https:\/\/www.facebook.com\/dinamoninternet","article_modified_time":"2018-07-27T15:05:19+00:00","twitter_card":"summary_large_image","twitter_site":"@dinamoninternet","twitter_misc":{"Dur\u00e9e de lecture estim\u00e9e":"6 minutes"},"schema":{"@context":"https:\/\/schema.org","@graph":[{"@type":"WebPage","@id":"https:\/\/dinamon.com\/fr\/","url":"https:\/\/dinamon.com\/fr\/","name":"Home - Dinamon","isPartOf":{"@id":"https:\/\/dinamon.com\/#website"},"datePublished":"2018-07-26T17:07:06+00:00","dateModified":"2018-07-27T15:05:19+00:00","breadcrumb":{"@id":"https:\/\/dinamon.com\/fr\/#breadcrumb"},"inLanguage":"fr-FR","potentialAction":[{"@type":"ReadAction","target":["https:\/\/dinamon.com\/fr\/"]}]},{"@type":"BreadcrumbList","@id":"https:\/\/dinamon.com\/fr\/#breadcrumb","itemListElement":[{"@type":"ListItem","position":1,"name":"Portada","item":"https:\/\/dinamon.com\/fr\/"},{"@type":"ListItem","position":2,"name":"Home"}]},{"@type":"WebSite","@id":"https:\/\/dinamon.com\/#website","url":"https:\/\/dinamon.com\/","name":"Dinamon","description":"Experience that leads to the succes","publisher":{"@id":"https:\/\/dinamon.com\/#organization"},"potentialAction":[{"@type":"SearchAction","target":{"@type":"EntryPoint","urlTemplate":"https:\/\/dinamon.com\/?s={search_term_string}"},"query-input":{"@type":"PropertyValueSpecification","valueRequired":true,"valueName":"search_term_string"}}],"inLanguage":"fr-FR"},{"@type":"Organization","@id":"https:\/\/dinamon.com\/#organization","name":"Dinamon Internet S.L.","url":"https:\/\/dinamon.com\/","logo":{"@type":"ImageObject","inLanguage":"fr-FR","@id":"https:\/\/dinamon.com\/#\/schema\/logo\/image\/","url":"https:\/\/dinamon.com\/wp-content\/uploads\/2018\/01\/dinamon3.png","contentUrl":"https:\/\/dinamon.com\/wp-content\/uploads\/2018\/01\/dinamon3.png","width":200,"height":100,"caption":"Dinamon Internet S.L."},"image":{"@id":"https:\/\/dinamon.com\/#\/schema\/logo\/image\/"},"sameAs":["https:\/\/www.facebook.com\/dinamoninternet","https:\/\/x.com\/dinamoninternet","https:\/\/www.linkedin.com\/company\/dinamon-internet-s.l.\/"]}]}},"_links":{"self":[{"href":"https:\/\/dinamon.com\/fr\/wp-json\/wp\/v2\/pages\/16951\/"}],"collection":[{"href":"https:\/\/dinamon.com\/fr\/wp-json\/wp\/v2\/pages\/"}],"about":[{"href":"https:\/\/dinamon.com\/fr\/wp-json\/wp\/v2\/types\/page\/"}],"author":[{"embeddable":true,"href":"https:\/\/dinamon.com\/fr\/wp-json\/wp\/v2\/users\/1\/"}],"replies":[{"embeddable":true,"href":"https:\/\/dinamon.com\/fr\/wp-json\/wp\/v2\/comments\/?post=16951"}],"version-history":[{"count":0,"href":"https:\/\/dinamon.com\/fr\/wp-json\/wp\/v2\/pages\/16951\/revisions\/"}],"wp:attachment":[{"href":"https:\/\/dinamon.com\/fr\/wp-json\/wp\/v2\/media\/?parent=16951"}],"curies":[{"name":"wp","href":"https:\/\/api.w.org\/{rel}","templated":true}]}}